{"id":12836,"date":"2024-09-02T11:36:03","date_gmt":"2024-09-02T09:36:03","guid":{"rendered":"https:\/\/fcpcerea.it\/newsletter\/"},"modified":"2024-09-02T11:36:03","modified_gmt":"2024-09-02T09:36:03","slug":"newsletter","status":"publish","type":"page","link":"https:\/\/fcpcerea.it\/es\/newsletter\/","title":{"rendered":"Newsletter"},"content":{"rendered":"<div id=\"wppb-builder-container\" class=\"wppb-builder-container\">                <div  class=\"wppb-row-parent  wppb-row-1725269795463 \"  >\n\t\t\t\t\t\n\t\t\t\t\t\t\t\t\t\t\n\t\t\t\t\t\t\t\t\t\t\n\t\t\t\t\t<div class=\"wppb-container \">\n\t\t\t\t\t\t\t\t\t\t\t\t\t\n                        <div class=\"wppb-row\">\n\t\t\t\t\t\t\t                                    <div  class=\"wppb-column-parent wppb-column-parent-view wppb-col-1725269795462  \"  >\n                                        <div class=\"wppb-column\">\n\t\t\t\t\t\n\t\t\t\t\t\t\t\t\t\t\t\n                                            <div class=\"wppb-builder-addons\">\n\t\t\t\t\t\t\t\t\t\t\t\t<div class='wppb-builder-addon wppb-addon-1725269844920'  data-addon-id='1725269844920'><div class='wppb-addon'><div class=\"wppb-headline-addon\"><div class=\"wppb-headline-content\"><h2 class=\"wppb-addon-title\">Entra en el mundo de FCP Cerea!<\/h2><\/div><\/div><\/div><\/div>                                            <\/div>\n                                        <\/div>\n                                    <\/div>\n\t\t\t\t\t\t\t\t\t                        <\/div>\n\n                    <\/div>\n                <\/div>\n\t\t\t\t                <div  class=\"wppb-row-parent  wppb-row-1725269795465 \"  >\n\t\t\t\t\t\n\t\t\t\t\t\t\t\t\t\t\n\t\t\t\t\t\t\t\t\t\t\n\t\t\t\t\t<div class=\"wppb-container \">\n\t\t\t\t\t\t\t\t\t\t\t\t\t\n                        <div class=\"wppb-row\">\n\t\t\t\t\t\t\t                                    <div  class=\"wppb-column-parent wppb-column-parent-view wppb-col-1725269795464  \"  >\n                                        <div class=\"wppb-column\">\n\t\t\t\t\t\n\t\t\t\t\t\t\t\t\t\t\t\n                                            <div class=\"wppb-builder-addons\">\n\t\t\t\t\t\t\t\t\t\t\t\t<div class='wppb-builder-addon wppb-addon-1725269894649'  data-addon-id='1725269894649'><div class='wppb-addon'><div class=\"wppb-headline-addon\"><div class=\"wppb-headline-content\"><h3 class=\"wppb-addon-title\">\u00bfQuieres saber m\u00e1s? \u00a1Suscr\u00edbete a nuestro bolet\u00edn!\nTe enviaremos noticias sobre productos, eventos, novedades t\u00e9cnicas, actividades en el campo y todo lo que gira en torno a los fertilizantes y Cerea FCP.<\/h3><\/div><\/div><\/div><\/div>                                            <\/div>\n                                        <\/div>\n                                    <\/div>\n\t\t\t\t\t\t\t\t\t                        <\/div>\n\n                    <\/div>\n                <\/div>\n\t\t\t\t                <div  class=\"wppb-row-parent  wppb-row-1725269795467 \"  >\n\t\t\t\t\t\n\t\t\t\t\t\t\t\t\t\t\n\t\t\t\t\t\t\t\t\t\t\n\t\t\t\t\t<div class=\"wppb-container \">\n\t\t\t\t\t\t\t\t\t\t\t\t\t\n                        <div class=\"wppb-row\">\n\t\t\t\t\t\t\t                                    <div  class=\"wppb-column-parent wppb-column-parent-view wppb-col-1725269795466  \"  >\n                                        <div class=\"wppb-column\">\n\t\t\t\t\t\n\t\t\t\t\t\t\t\t\t\t\t\n                                            <div class=\"wppb-builder-addons\">\n\t\t\t\t\t\t\t\t\t\t\t\t<div class='wppb-builder-addon wppb-widget-1725269815764 wppb-addon-1725269815764'  data-addon-id='1725269815764'><div class='wppb-widget'><div class=\"frm_form_widget\"><div class=\"frm_forms  with_frm_style frm_center_submit frm_style_stile-di-formidable\" id=\"frm_form_17_container\" >\n<form enctype=\"multipart\/form-data\" method=\"post\" class=\"frm-show-form  frm_pro_form \" id=\"form_contattibb69b1af6122\"  >\n<div class=\"frm_form_fields \">\n<fieldset>\n<legend class=\"frm_screen_reader\">Newsletter ES Aggiornato<\/legend>\r\n\r\n<div class=\"frm_fields_container\">\n<input type=\"hidden\" name=\"frm_action\" value=\"create\" \/>\n<input type=\"hidden\" name=\"form_id\" value=\"17\" \/>\n<input type=\"hidden\" name=\"frm_hide_fields_17\" id=\"frm_hide_fields_17\" value=\"\" \/>\n<input type=\"hidden\" name=\"form_key\" value=\"contattibb69b1af6122\" \/>\n<input type=\"hidden\" name=\"item_meta[0]\" value=\"\" \/>\n<input type=\"hidden\" id=\"frm_submit_entry_17\" name=\"frm_submit_entry_17\" value=\"7b6fc4f196\" \/><input type=\"hidden\" name=\"_wp_http_referer\" value=\"\/es\/wp-json\/wp\/v2\/pages\/12836\" \/><div id=\"frm_field_142_container\" class=\"frm_form_field form-field  frm_required_field frm_top_container frm_full\">\r\n    <label for=\"field_qh4icyebdda05f54\" id=\"field_qh4icyebdda05f54_label\" class=\"frm_primary_label\">*Nombre\r\n        <span class=\"frm_required\"><\/span>\r\n    <\/label>\r\n    <input type=\"text\" id=\"field_qh4icyebdda05f54\" name=\"item_meta[142]\" value=\"\"  data-reqmsg=\"Questo campo non pu\u00f2 essere vuoto.\" aria-required=\"true\" data-invmsg=\"Name non \u00e8 valido\" aria-invalid=\"false\"  \/>\r\n    \r\n    \r\n<\/div>\n<div id=\"frm_field_143_container\" class=\"frm_form_field form-field  frm_required_field frm_top_container frm_full\">\r\n    <label for=\"field_29yf4df375ddcf184\" id=\"field_29yf4df375ddcf184_label\" class=\"frm_primary_label\">*E-mail\r\n        <span class=\"frm_required\"><\/span>\r\n    <\/label>\r\n    <input type=\"email\" id=\"field_29yf4df375ddcf184\" name=\"item_meta[143]\" value=\"\"  data-reqmsg=\"Questo campo non pu\u00f2 essere vuoto.\" aria-required=\"true\" data-invmsg=\"Please enter a valid email address\" aria-invalid=\"false\"  \/>\r\n    \r\n    \r\n<\/div>\n<div id=\"frm_field_144_container\" class=\"frm_form_field form-field  frm_top_container\">\r\n    <label for=\"field_g5taad8d9a79ef64\" id=\"field_g5taad8d9a79ef64_label\" class=\"frm_primary_label\">Tel\u00e9fono\r\n        <span class=\"frm_required\"><\/span>\r\n    <\/label>\r\n    <input type=\"tel\" id=\"field_g5taad8d9a79ef64\" name=\"item_meta[144]\" value=\"\"  data-invmsg=\"Phone non \u00e8 valido\" aria-invalid=\"false\" pattern=\"((\\+\\d{1,3}(-|.| )?\\(?\\d\\)?(-| |.)?\\d{1,5})|(\\(?\\d{2,6}\\)?))(-|.| )?(\\d{3,4})(-|.| )?(\\d{4})(( x| ext)\\d{1,5}){0,1}$\"  \/>\r\n    \r\n    \r\n<\/div>\n<div id=\"frm_field_145_container\" class=\"frm_form_field form-field  frm_required_field frm_top_container\">\r\n    <label for=\"field_jkya64\" id=\"field_jkya64_label\" class=\"frm_primary_label\">Naci\u00f3n\r\n        <span class=\"frm_required\">*<\/span>\r\n    <\/label>\r\n    <input type=\"text\" id=\"field_jkya64\" name=\"item_meta[145]\" value=\"\"  data-reqmsg=\"Questo campo non pu\u00f2 essere vuoto.\" aria-required=\"true\" data-invmsg=\"Testo non \u00e8 valido\" aria-invalid=\"false\"  \/>\r\n    \r\n    \r\n<\/div>\n<div id=\"frm_field_146_container\" class=\"frm_form_field form-field  frm_top_container\">\r\n    <label for=\"field_1z1py4\" id=\"field_1z1py4_label\" class=\"frm_primary_label\">Tipolog\u00eda\r\n        <span class=\"frm_required\"><\/span>\r\n    <\/label>\r\n    \t\t<select name=\"item_meta[146]\" id=\"field_1z1py4\"  data-invmsg=\"Tipolog\u00eda no es v\u00e1lido\" aria-invalid=\"false\"  >\n\t\t<option  value=\"\" selected='selected'> <\/option><option  value=\"Agr\u00f3nomo\">Agr\u00f3nomo<\/option><option  value=\"Agricultor\">Agricultor<\/option><option  value=\"Distribuidor\">Distribuidor<\/option><option  value=\"Agente\">Agente<\/option><option  value=\"Otro\">Otro<\/option>\t<\/select>\n\t\r\n    \r\n    \r\n<\/div>\n<div id=\"frm_field_147_container\" class=\"frm_form_field form-field  frm_required_field frm_top_container vertical_radio\">\r\n    <div  id=\"field_ffgh8062d3deee44_label\" class=\"frm_primary_label\">\r\n        <span class=\"frm_required\"><\/span>\r\n    <\/div>\r\n    <div class=\"frm_opt_container\" aria-labelledby=\"field_ffgh8062d3deee44_label\" role=\"group\">\t\t<div class=\"frm_checkbox\" id=\"frm_checkbox_147-0\"><label for=\"field_ffgh8062d3deee44-0\"><input type=\"checkbox\" name=\"item_meta[147][]\" id=\"field_ffgh8062d3deee44-0\" value=\"Declaro haber le\u00eddo la &lt;a href=&quot;https:\/\/fcpcerea.it\/form-newsletter-informativa\/&quot;&gt;informaci\u00f3n&lt;\/a&gt;  y doy mi consentimiento para recibir newsletters y\/o comunicaciones comerciales\"  data-reqmsg=\"Questo campo non pu\u00f2 essere vuoto.\" data-invmsg=\"Este campo no es v\u00e1lido\" aria-invalid=\"false\"   aria-required=\"true\"  \/> Declaro haber le\u00eddo la <a href=\"https:\/\/fcpcerea.it\/form-newsletter-informativa\/\">informaci\u00f3n<\/a>  y doy mi consentimiento para recibir newsletters y\/o comunicaciones comerciales<\/label><\/div>\n<\/div>\r\n    \r\n    \r\n<\/div>\n<div id=\"frm_field_148_container\" class=\"frm_form_field form-field  frm_none_container\">\r\n    <label for=\"g-recaptcha-response\" id=\"field_pbu7426b33d25d64_label\" class=\"frm_primary_label\">reCAPTCHA\r\n        <span class=\"frm_required\"><\/span>\r\n    <\/label>\r\n    <div  id=\"field_pbu7426b33d25d64\" class=\"frm-g-recaptcha\" data-sitekey=\"6LcJAskUAAAAAFJ9stn76LbENA9HAgYwaUq28Z_X\" data-size=\"invisible\" data-theme=\"light\"><\/div>\r\n    \r\n    \r\n<\/div>\n\t<input type=\"hidden\" name=\"item_key\" value=\"\" \/>\n\t\t\t\t<div class=\"frm__661fa40bae106\">\n\t\t\t\t<label for=\"frm_email_17\" >\n\t\t\t\t\tSi eres humano, deja este campo en blanco.\t\t\t\t<\/label>\n\t\t\t\t<input  id=\"frm_email_17\" type=\"email\" class=\"frm_verify\" name=\"frm__661fa40bae106\" value=\"\"  \/>\n\t\t\t<\/div>\n\t\t<input name=\"frm_state\" type=\"hidden\" value=\"+FMD0kyh8Pn2vw\/vq0e00RApcc3oeMa77Dpg+qAjj5w6JqC7PGXV9vt99oqxsRyH\" \/><div class=\"frm_submit\">\r\n\r\n<button class=\"frm_button_submit frm_final_submit\" type=\"submit\"   formnovalidate=\"formnovalidate\">Entregar<\/button>\r\n\r\n<\/div><\/div>\n<\/fieldset>\n<\/div>\n<\/form>\n<\/div>\n<\/div><\/div><\/div>                                            <\/div>\n                                        <\/div>\n                                    <\/div>\n\t\t\t\t\t\t\t\t\t                        <\/div>\n\n                    <\/div>\n                <\/div>\n\t\t\t\t<\/div>","protected":false},"excerpt":{"rendered":"<p>Entra en el mundo de FCP Cerea! \u00bfQuieres saber m\u00e1s? \u00a1Suscr\u00edbete a nuestro bolet\u00edn! Te enviaremos noticias sobre productos, eventos, novedades t\u00e9cnicas, actividades en el campo y todo lo que gira en torno a los fertilizantes y Cerea FCP. Newsletter ES Aggiornato *Nombre *E-mail Tel\u00e9fono Naci\u00f3n * Tipolog\u00eda Agr\u00f3nomoAgricultorDistribuidorAgenteOtro Declaro haber le\u00eddo la informaci\u00f3n y<\/p>\n<div class=\"btn-green\"><a href=\"https:\/\/fcpcerea.it\/es\/newsletter\/\">Continue Reading<\/a><\/div>\n","protected":false},"author":10,"featured_media":0,"parent":0,"menu_order":0,"comment_status":"closed","ping_status":"closed","template":"","meta":[],"yoast_head":"<!-- This site is optimized with the Yoast SEO plugin v17.6 - https:\/\/yoast.com\/wordpress\/plugins\/seo\/ -->\n<title>Suscr\u00edbete a la newsletter de FCP<\/title>\n<meta name=\"description\" content=\"Suscr\u00edbete a la newsletter de FCP Cerea para estar al d\u00eda de todas las novedades referentes al mundo de los fertilizantes.\" \/>\n<meta name=\"robots\" content=\"index, follow, max-snippet:-1, max-image-preview:large, max-video-preview:-1\" \/>\n<link rel=\"canonical\" href=\"https:\/\/fcpcerea.it\/iscriviti-newsletter\/\" \/>\n<meta property=\"og:locale\" content=\"es_ES\" \/>\n<meta property=\"og:type\" content=\"article\" \/>\n<meta property=\"og:title\" content=\"Suscr\u00edbete a la newsletter de FCP\" \/>\n<meta property=\"og:description\" content=\"Suscr\u00edbete a la newsletter de FCP Cerea para estar al d\u00eda de todas las novedades referentes al mundo de los fertilizantes.\" \/>\n<meta property=\"og:url\" content=\"https:\/\/fcpcerea.it\/iscriviti-newsletter\/\" \/>\n<meta property=\"og:site_name\" content=\"FCP Cerea\" \/>\n<meta name=\"twitter:card\" content=\"summary_large_image\" \/>\n<script type=\"application\/ld+json\" class=\"yoast-schema-graph\">{\"@context\":\"https:\/\/schema.org\",\"@graph\":[{\"@type\":\"WebSite\",\"@id\":\"https:\/\/fcpcerea.it\/es\/#website\",\"url\":\"https:\/\/fcpcerea.it\/es\/\",\"name\":\"FCP Cerea\",\"description\":\"Coltivare bene per mangiare meglio\",\"potentialAction\":[{\"@type\":\"SearchAction\",\"target\":{\"@type\":\"EntryPoint\",\"urlTemplate\":\"https:\/\/fcpcerea.it\/es\/?s={search_term_string}\"},\"query-input\":\"required name=search_term_string\"}],\"inLanguage\":\"es\"},{\"@type\":\"WebPage\",\"@id\":\"https:\/\/fcpcerea.it\/iscriviti-newsletter\/#webpage\",\"url\":\"https:\/\/fcpcerea.it\/iscriviti-newsletter\/\",\"name\":\"Suscr\\u00edbete a la newsletter de FCP\",\"isPartOf\":{\"@id\":\"https:\/\/fcpcerea.it\/es\/#website\"},\"datePublished\":\"2024-09-02T09:36:03+00:00\",\"dateModified\":\"2024-09-02T09:36:03+00:00\",\"description\":\"Suscr\\u00edbete a la newsletter de FCP Cerea para estar al d\\u00eda de todas las novedades referentes al mundo de los fertilizantes.\",\"breadcrumb\":{\"@id\":\"https:\/\/fcpcerea.it\/iscriviti-newsletter\/#breadcrumb\"},\"inLanguage\":\"es\",\"potentialAction\":[{\"@type\":\"ReadAction\",\"target\":[\"https:\/\/fcpcerea.it\/iscriviti-newsletter\/\"]}]},{\"@type\":\"BreadcrumbList\",\"@id\":\"https:\/\/fcpcerea.it\/iscriviti-newsletter\/#breadcrumb\",\"itemListElement\":[{\"@type\":\"ListItem\",\"position\":1,\"name\":\"Home\",\"item\":\"https:\/\/fcpcerea.it\/es\/\"},{\"@type\":\"ListItem\",\"position\":2,\"name\":\"Newsletter\"}]}]}<\/script>\n<!-- \/ Yoast SEO plugin. -->","yoast_head_json":{"title":"Suscr\u00edbete a la newsletter de FCP","description":"Suscr\u00edbete a la newsletter de FCP Cerea para estar al d\u00eda de todas las novedades referentes al mundo de los fertilizantes.","robots":{"index":"index","follow":"follow","max-snippet":"max-snippet:-1","max-image-preview":"max-image-preview:large","max-video-preview":"max-video-preview:-1"},"canonical":"https:\/\/fcpcerea.it\/iscriviti-newsletter\/","og_locale":"es_ES","og_type":"article","og_title":"Suscr\u00edbete a la newsletter de FCP","og_description":"Suscr\u00edbete a la newsletter de FCP Cerea para estar al d\u00eda de todas las novedades referentes al mundo de los fertilizantes.","og_url":"https:\/\/fcpcerea.it\/iscriviti-newsletter\/","og_site_name":"FCP Cerea","twitter_card":"summary_large_image","schema":{"@context":"https:\/\/schema.org","@graph":[{"@type":"WebSite","@id":"https:\/\/fcpcerea.it\/es\/#website","url":"https:\/\/fcpcerea.it\/es\/","name":"FCP Cerea","description":"Coltivare bene per mangiare meglio","potentialAction":[{"@type":"SearchAction","target":{"@type":"EntryPoint","urlTemplate":"https:\/\/fcpcerea.it\/es\/?s={search_term_string}"},"query-input":"required name=search_term_string"}],"inLanguage":"es"},{"@type":"WebPage","@id":"https:\/\/fcpcerea.it\/iscriviti-newsletter\/#webpage","url":"https:\/\/fcpcerea.it\/iscriviti-newsletter\/","name":"Suscr\u00edbete a la newsletter de FCP","isPartOf":{"@id":"https:\/\/fcpcerea.it\/es\/#website"},"datePublished":"2024-09-02T09:36:03+00:00","dateModified":"2024-09-02T09:36:03+00:00","description":"Suscr\u00edbete a la newsletter de FCP Cerea para estar al d\u00eda de todas las novedades referentes al mundo de los fertilizantes.","breadcrumb":{"@id":"https:\/\/fcpcerea.it\/iscriviti-newsletter\/#breadcrumb"},"inLanguage":"es","potentialAction":[{"@type":"ReadAction","target":["https:\/\/fcpcerea.it\/iscriviti-newsletter\/"]}]},{"@type":"BreadcrumbList","@id":"https:\/\/fcpcerea.it\/iscriviti-newsletter\/#breadcrumb","itemListElement":[{"@type":"ListItem","position":1,"name":"Home","item":"https:\/\/fcpcerea.it\/es\/"},{"@type":"ListItem","position":2,"name":"Newsletter"}]}]}},"_links":{"self":[{"href":"https:\/\/fcpcerea.it\/es\/wp-json\/wp\/v2\/pages\/12836"}],"collection":[{"href":"https:\/\/fcpcerea.it\/es\/wp-json\/wp\/v2\/pages"}],"about":[{"href":"https:\/\/fcpcerea.it\/es\/wp-json\/wp\/v2\/types\/page"}],"author":[{"embeddable":true,"href":"https:\/\/fcpcerea.it\/es\/wp-json\/wp\/v2\/users\/10"}],"replies":[{"embeddable":true,"href":"https:\/\/fcpcerea.it\/es\/wp-json\/wp\/v2\/comments?post=12836"}],"version-history":[{"count":0,"href":"https:\/\/fcpcerea.it\/es\/wp-json\/wp\/v2\/pages\/12836\/revisions"}],"wp:attachment":[{"href":"https:\/\/fcpcerea.it\/es\/wp-json\/wp\/v2\/media?parent=12836"}],"curies":[{"name":"wp","href":"https:\/\/api.w.org\/{rel}","templated":true}]}}