





{"id":7241,"date":"2019-08-08T17:55:09","date_gmt":"2019-08-08T15:55:09","guid":{"rendered":"https:\/\/fcpcerea.it\/contatti\/"},"modified":"2021-04-16T09:53:23","modified_gmt":"2021-04-16T07:53:23","slug":"contacto","status":"publish","type":"page","link":"https:\/\/fcpcerea.it\/es\/contacto\/","title":{"rendered":"Contacto"},"content":{"rendered":"<div id=\"wppb-builder-container\" class=\"wppb-builder-container\">                <div  class=\"wppb-row-parent  wppb-row-1565279713721 \"  >\n\t\t\t\t\t\n\t\t\t\t\t\t\t\t\t\t\n\t\t\t\t\t\t\t\t\t\t\n\t\t\t\t\t<div class=\"wppb-container \">\n\t\t\t\t\t\t\t\t\t\t\t\t\t\n                        <div class=\"wppb-row\">\n\t\t\t\t\t\t\t                                    <div  class=\"wppb-column-parent wppb-column-parent-view wppb-col-1565279713720  wppb-wow fadeInLeft\"  data-wow-delay='ms'  data-wow-duration='ms'  >\n                                        <div class=\"wppb-column\">\n\t\t\t\t\t\n\t\t\t\t\t\t\t\t\t\t\t\n                                            <div class=\"wppb-builder-addons\">\n\t\t\t\t\t\t\t\t\t\t\t\t<div class='wppb-builder-addon wppb-addon-1572259923432'  data-addon-id='1572259923432'><div class='wppb-addon'><div class=\"wppb-headline-addon\"><div class=\"wppb-headline-content\"><h2 class=\"wppb-addon-title\">D\u00f3nde estamos\n<\/h2><\/div><\/div><\/div><\/div><div class='wppb-builder-addon wppb-addon-1565279713639'  data-addon-id='1565279713639'><div class='wppb-addon'><div class=\"wppb-headline-addon\"><div class=\"wppb-headline-content\"><h3 class=\"wppb-addon-title\">Fabbrica\nCooperativa\nPerfosfati Cerea<\/h3><\/div><\/div><\/div><\/div><div class='wppb-builder-addon wppb-addon-1565279862508'  data-addon-id='1565279862508'><div class='wppb-addon'><div class=\"wppb-text-block-addon\"><div class=\"wppb-text-block-content 0\"><p>Via Farfusola 6, 37050 Bonavicina di S. Pietro di Morubio (VR) Italy<\/p><\/div><\/div><\/div><\/div><div class='wppb-builder-addon wppb-addon-1572259819361'  data-addon-id='1572259819361'><div class='wppb-addon'><div class=\"wppb-text-block-addon\"><div class=\"wppb-text-block-content 0\"><h4>Sede Operativa<\/h4><p><a href=\"mailto:fcpcerea@fcpcerea.it\" target=\"_blank\" rel=\"noopener\">fcpcerea@fcpcerea.it<\/a><br \/><a href=\"tel:+390457125911\" target=\"_blank\" rel=\"noopener\">Tel\u00e9fono +390457125911<br \/><\/a><\/p><\/div><\/div><\/div><\/div><div class='wppb-builder-addon wppb-addon-1572268888531'  data-addon-id='1572268888531'><div class='wppb-addon'><div class=\"wppb-text-block-addon\"><div class=\"wppb-text-block-content 0\"><h4>Servicio Cliente\/Log\u00edstica<br \/><br \/><\/h4><p><a href=\"tel:+390457125911\" target=\"_blank\" rel=\"noopener\">Tel\u00e9fono +390457125911<br \/><\/a><\/p><\/div><\/div><\/div><\/div><div class='wppb-builder-addon wppb-addon-1572272063642'  data-addon-id='1572272063642'><div class='wppb-addon'><div class=\"wppb-text-block-addon\"><div class=\"wppb-text-block-content 0\"><h4>Servizio Clienti\/Log\u00edstica Export<\/h4><p><a href=\"tel:[Tel\u00e9fono +390457125 919]\" target=\"_blank\" rel=\"noopener\">Tel\u00e9fono +39 0457125 919<\/a><\/p><\/div><\/div><\/div><\/div><div class='wppb-builder-addon wppb-addon-1572272063691'  data-addon-id='1572272063691'><div class='wppb-addon'><div class=\"wppb-text-block-addon\"><div class=\"wppb-text-block-content 0\"><h4>Laboratorio<\/h4><p><a href=\"mailto:laboratorio@fcpcerea.it\" target=\"_blank\" rel=\"noopener\">laboratorio@fcpcerea.it<\/a><br \/><a href=\"tel:+390457125947\" target=\"_blank\" rel=\"noopener\">Tel\u00e9fono +390457125947<br \/><\/a><\/p><\/div><\/div><\/div><\/div><div class='wppb-builder-addon wppb-addon-1572272063832'  data-addon-id='1572272063832'><div class='wppb-addon'><div class=\"wppb-text-block-addon\"><div class=\"wppb-text-block-content 0\"><h4>Administraci\u00f3n y Socios<\/h4><p><a href=\"tel:+390457125913\" target=\"_blank\" rel=\"noopener\">Tel\u00e9fono +390457125913<br \/><\/a><\/p><\/div><\/div><\/div><\/div><div class='wppb-builder-addon wppb-addon-1572272063913'  data-addon-id='1572272063913'><div class='wppb-addon'><div class=\"wppb-text-block-addon\"><div class=\"wppb-text-block-content 0\"><h4>Departamento Agron\u00f3mico<\/h4><p><a href=\"mailto:[agronomia@fcpcerea.it]\" target=\"_blank\" rel=\"noopener\">agronomia@fcpcerea.it<\/a><br \/><a href=\"tel:+390457125926\" target=\"_blank\" rel=\"noopener\">Tel\u00e9fono +390457125926<br \/><\/a><\/p><\/div><\/div><\/div><\/div><div class='wppb-builder-addon wppb-addon-1578648475333'  data-addon-id='1578648475333'><div class='wppb-addon'><div class=\"wppb-text-block-addon\"><div class=\"wppb-text-block-content 0\"><h4>Export<\/h4><p><a href=\"mailto:[riccardo.rasera@fcpcerea.it]\">elisabetta.deconti@fcpcerea.it<\/a><\/p><p><a href=\"tel:[Tel +393346633909]\">francesca.moretto@fcpcerea.it<\/a><\/p><p><a href=\"tel:[Tel +390457125919]\">Tel +39 0457125 919<\/a><\/p><h4>Newsletter<\/h4><p>Para registrarte haz <a href=\"https:\/\/fcpcerea.it\/es\/newsletter\/\" target=\"_blank\" rel=\"noopener\">clic aqu\u00ed<\/a><\/p><\/div><\/div><\/div><\/div>                                            <\/div>\n                                        <\/div>\n                                    <\/div>\n\t\t\t\t\t\t\t\t\t                                    <div  class=\"wppb-column-parent wppb-column-parent-view wppb-col-1565279713722  wppb-wow fadeInRight\"  data-wow-delay='ms'  data-wow-duration='ms'  >\n                                        <div class=\"wppb-column\">\n\t\t\t\t\t\n\t\t\t\t\t\t\t\t\t\t\t\n                                            <div class=\"wppb-builder-addons\">\n\t\t\t\t\t\t\t\t\t\t\t\t<div class='wppb-builder-addon wppb-addon-1572259819398'  data-addon-id='1572259819398'><div class='wppb-addon'><div class=\"wppb-headline-addon\"><div class=\"wppb-headline-content\"><h2 class=\"wppb-addon-title\">Cont\u00e1ctanos\n<\/h2><\/div><\/div><\/div><\/div><div class='wppb-builder-addon wppb-addon-1565279955315'  data-addon-id='1565279955315'><div class='wppb-addon'><div class=\"wppb-raw-html-addon\"><div class=\"wppb-raw-html-content\"><div class=\"frm_forms  with_frm_style frm_style_stile-di-formidable\" id=\"frm_form_8_container\" >\n<form enctype=\"multipart\/form-data\" method=\"post\" class=\"frm-show-form  frm_pro_form \" id=\"form_contattife55db260d\"  >\n<div class=\"frm_form_fields \">\n<fieldset>\n<legend class=\"frm_screen_reader\">Contatti ES<\/legend>\r\n\r\n<div class=\"frm_fields_container\">\n<input type=\"hidden\" name=\"frm_action\" value=\"create\" \/>\n<input type=\"hidden\" name=\"form_id\" value=\"8\" \/>\n<input type=\"hidden\" name=\"frm_hide_fields_8\" id=\"frm_hide_fields_8\" value=\"\" \/>\n<input type=\"hidden\" name=\"form_key\" value=\"contattife55db260d\" \/>\n<input type=\"hidden\" name=\"item_meta[0]\" value=\"\" \/>\n<input type=\"hidden\" id=\"frm_submit_entry_8\" name=\"frm_submit_entry_8\" value=\"7b6fc4f196\" \/><input type=\"hidden\" name=\"_wp_http_referer\" value=\"\/es\/wp-json\/wp\/v2\/pages\/7241\" \/><div id=\"frm_field_64_container\" class=\"frm_form_field form-field  frm_required_field frm_none_container frm_full\">\r\n    <label for=\"field_qh4icy098c5f933e\" id=\"field_qh4icy098c5f933e_label\" class=\"frm_primary_label\">Nome\r\n        <span class=\"frm_required\"><\/span>\r\n    <\/label>\r\n    <input type=\"text\" id=\"field_qh4icy098c5f933e\" name=\"item_meta[64]\" value=\"\"  placeholder=\"*Nombre\" data-reqmsg=\"Questo campo non pu\u00f2 essere vuoto.\" aria-required=\"true\" data-invmsg=\"Name non \u00e8 valido\" aria-invalid=\"false\"  \/>\r\n    \r\n    \r\n<\/div>\n<div id=\"frm_field_65_container\" class=\"frm_form_field form-field  frm_required_field frm_none_container frm_full\">\r\n    <label for=\"field_29yf4da8798911df\" id=\"field_29yf4da8798911df_label\" class=\"frm_primary_label\">Email\r\n        <span class=\"frm_required\"><\/span>\r\n    <\/label>\r\n    <input type=\"email\" id=\"field_29yf4da8798911df\" name=\"item_meta[65]\" value=\"\"  placeholder=\"*E-mail\" data-reqmsg=\"Questo campo non pu\u00f2 essere vuoto.\" aria-required=\"true\" data-invmsg=\"Please enter a valid email address\" aria-invalid=\"false\"  \/>\r\n    \r\n    \r\n<\/div>\n<div id=\"frm_field_66_container\" class=\"frm_form_field form-field  frm_required_field frm_none_container\">\r\n    <label for=\"field_g5taa5824e0bf78\" id=\"field_g5taa5824e0bf78_label\" class=\"frm_primary_label\">Telefono\r\n        <span class=\"frm_required\"><\/span>\r\n    <\/label>\r\n    <input type=\"tel\" id=\"field_g5taa5824e0bf78\" name=\"item_meta[66]\" value=\"\"  placeholder=\"*Tel\u00e9fono\" data-reqmsg=\"Questo campo non pu\u00f2 essere vuoto.\" aria-required=\"true\" data-invmsg=\"Phone non \u00e8 valido\" aria-invalid=\"false\" pattern=\"((\\+\\d{1,3}(-|.| )?\\(?\\d\\)?(-| |.)?\\d{1,5})|(\\(?\\d{2,6}\\)?))(-|.| )?(\\d{3,4})(-|.| )?(\\d{4})(( x| ext)\\d{1,5}){0,1}$\"  \/>\r\n    \r\n    \r\n<\/div>\n<div id=\"frm_field_114_container\" class=\"frm_form_field form-field  frm_required_field frm_top_container frm6 frm_first frm_other_container\">\r\n    <label for=\"field_hagfh\" id=\"field_hagfh_label\" class=\"frm_primary_label\">\r\n        <span class=\"frm_required\" aria-hidden=\"true\"><\/span>\r\n    <\/label>\r\n    \t\t<select name=\"item_meta[114]\" id=\"field_hagfh\"  data-placeholder=\"Select an option\"  data-frmval=\"Granja\" data-reqmsg=\"Questo campo non pu\u00f2 essere vuoto.\" aria-required=\"true\" data-invmsg=\"Este campo no es v\u00e1lido\" class=\"frm_slimselect\" aria-invalid=\"false\"  >\n\t\t<option  value=\"Granja\" selected='selected'>Granja<\/option><option  value=\"Cooperativa\">Cooperativa<\/option><option  value=\"Revendedores\">Revendedores<\/option><option  value=\"otro\" class=\"frm_other_trigger\">otro<\/option>\t<\/select>\n\t<label for=\"field_hagfh-otext\" class=\"frm_screen_reader frm_hidden\"><\/label><input type=\"text\" id=\"field_hagfh-otext\" class=\"frm_other_input frm_pos_none\"  name=\"item_meta[other][114]\" value=\"\" \/>\r\n    <div class=\"frm_description\" id=\"frm_desc_field_hagfh\">*Actividad<\/div>\r\n    \r\n<\/div>\n<div id=\"frm_field_113_container\" class=\"frm_form_field form-field  frm_top_container frm6\">\r\n    <label for=\"field_qvp52\" id=\"field_qvp52_label\" class=\"frm_primary_label\">\r\n        <span class=\"frm_required\" aria-hidden=\"true\"><\/span>\r\n    <\/label>\r\n    <input type=\"text\" id=\"field_qvp52\" name=\"item_meta[113]\" value=\"\"  placeholder=\"Nombre de la empresa\" data-invmsg=\"Testo non \u00e8 valido\" aria-invalid=\"false\"  \/>\r\n    \r\n    \r\n<\/div>\n<div id=\"frm_field_67_container\" class=\"frm_form_field form-field  frm_none_container frm_full\">\r\n    <label for=\"field_e6lis645d5bc1415\" id=\"field_e6lis645d5bc1415_label\" class=\"frm_primary_label\">Oggetto\r\n        <span class=\"frm_required\"><\/span>\r\n    <\/label>\r\n    <input type=\"text\" id=\"field_e6lis645d5bc1415\" name=\"item_meta[67]\" value=\"\"  placeholder=\"Asunto\" data-invmsg=\"Subject non \u00e8 valido\" aria-invalid=\"false\"  \/>\r\n    \r\n    \r\n<\/div>\n<div id=\"frm_field_68_container\" class=\"frm_form_field form-field  frm_required_field frm_none_container frm_full\">\r\n    <label for=\"field_9jv0r16323d1918a\" id=\"field_9jv0r16323d1918a_label\" class=\"frm_primary_label\">Messaggio\r\n        <span class=\"frm_required\"><\/span>\r\n    <\/label>\r\n    <textarea name=\"item_meta[68]\" id=\"field_9jv0r16323d1918a\" rows=\"5\"  placeholder=\"*Mensaje\" data-reqmsg=\"Questo campo non pu\u00f2 essere vuoto.\" aria-required=\"true\" data-invmsg=\"Messaggio no es v\u00e1lido\" aria-invalid=\"false\"  ><\/textarea>\r\n    \r\n    \r\n<\/div>\n<div id=\"frm_field_69_container\" class=\"frm_form_field form-field  frm_required_field frm_top_container vertical_radio\">\r\n    <div  id=\"field_ffgh80631394e1f_label\" class=\"frm_primary_label\">\r\n        <span class=\"frm_required\"><\/span>\r\n    <\/div>\r\n    <div class=\"frm_opt_container\" aria-labelledby=\"field_ffgh80631394e1f_label\" role=\"group\">\t\t<div class=\"frm_checkbox\" id=\"frm_checkbox_69-0\"><label for=\"field_ffgh80631394e1f-0\"><input type=\"checkbox\" name=\"item_meta[69][]\" id=\"field_ffgh80631394e1f-0\" value=\"Enviando mis datos declaro de haber tomado visi\u00f3n de la &lt;a href=&quot;https:\/\/fcpcerea.it\/en\/form-contatti-informativa\/&quot; target=&quot;_blank&quot;&gt;informativa sobre la privacidad&lt;\/a&gt; y autorizo al tratamiento de mis datos personales.\"  data-reqmsg=\"Questo campo non pu\u00f2 essere vuoto.\" data-invmsg=\"Este campo no es v\u00e1lido\" aria-invalid=\"false\"   aria-required=\"true\"  \/> Enviando mis datos declaro de haber tomado visi\u00f3n de la <a href=\"https:\/\/fcpcerea.it\/en\/form-contatti-informativa\/\" target=\"_blank\">informativa sobre la privacidad<\/a> y autorizo al tratamiento de mis datos personales.<\/label><\/div>\n<\/div>\r\n    \r\n    \r\n<\/div>\n<div id=\"frm_field_70_container\" class=\"frm_form_field form-field  frm_none_container\">\r\n    <label for=\"g-recaptcha-response\" id=\"field_pbu7488c91f1d69_label\" class=\"frm_primary_label\">reCAPTCHA\r\n        <span class=\"frm_required\"><\/span>\r\n    <\/label>\r\n    <div  id=\"field_pbu7488c91f1d69\" class=\"frm-g-recaptcha\" data-sitekey=\"6LcJAskUAAAAAFJ9stn76LbENA9HAgYwaUq28Z_X\" data-size=\"invisible\" data-theme=\"light\"><\/div>\r\n    \r\n    \r\n<\/div>\n\t<input type=\"hidden\" name=\"item_key\" value=\"\" \/>\n\t\t\t\t<div class=\"frm__661fa40bae106\">\n\t\t\t\t<label for=\"frm_email_8\" >\n\t\t\t\t\tSi eres humano, deja este campo en blanco.\t\t\t\t<\/label>\n\t\t\t\t<input  id=\"frm_email_8\" type=\"email\" class=\"frm_verify\" name=\"frm__661fa40bae106\" value=\"\"  \/>\n\t\t\t<\/div>\n\t\t<input name=\"frm_state\" type=\"hidden\" value=\"+FMD0kyh8Pn2vw\/vq0e00ePhYlcT8zjUgLbk8NkEgfk=\" \/><div class=\"frm_submit\">\r\n\r\n<button class=\"frm_button_submit frm_final_submit\" type=\"submit\"   formnovalidate=\"formnovalidate\">Enviar<\/button>\r\n\r\n<\/div><\/div>\n<\/fieldset>\n<\/div>\n<\/form>\n<\/div>\n<\/div><\/div><\/div><\/div>                                            <\/div>\n                                        <\/div>\n                                    <\/div>\n\t\t\t\t\t\t\t\t\t                        <\/div>\n\n                    <\/div>\n                <\/div>\n\t\t\t\t                <div  class=\"wppb-row-parent  wppb-row-1572261118663 \"  >\n\t\t\t\t\t\n\t\t\t\t\t\t\t\t\t\t\n\t\t\t\t\t\t\t\t\t\t\n\t\t\t\t\t<div class=\"wppb-container wppb-container-full wppb-contaner-no-gutter\">\n\t\t\t\t\t\t\t\t\t\t\t\t\t\n                        <div class=\"wppb-row\">\n\t\t\t\t\t\t\t                                    <div  class=\"wppb-column-parent wppb-column-parent-view wppb-col-1572261118664  \"  >\n                                        <div class=\"wppb-column\">\n\t\t\t\t\t\n\t\t\t\t\t\t\t\t\t\t\t\n                                            <div class=\"wppb-builder-addons\">\n\t\t\t\t\t\t\t\t\t\t\t\t<div class='wppb-builder-addon wppb-addon-1572261118665'  data-addon-id='1572261118665'><div class='wppb-addon'><div class=\"wppb-raw-html-addon\"><div class=\"wppb-raw-html-content\">\n\n\t\t\t\t<div id=\"map_ol3js_1\" class=\"map undefined\" data-map_name=\"undefined\" data-map=\"map_ol3js_1\" style=\"width:100%; max-width:100%; height:450px; display:block; overflow:hidden;border:none;\" >\n\t\t\t\t  <div id=\"map_ol3js_1_popup\" class=\"ol-popup\" >\n\t\t\t\t\t<a href=\"#\" id=\"map_ol3js_1_popup-closer\" class=\"ol-popup-closer\"><\/a>\n\t\t\t\t\t<div id=\"map_ol3js_1_popup-content\" ><\/div>\n\t\t\t\t  <\/div>\n\t\t\t\t<\/div>\n\t\t\t\n\t\t\t\t<link rel=\"stylesheet\" href=\"https:\/\/fcpcerea.it\/wp-content\/plugins\/osm\/js\/OL\/6.9.0\/ol.css?ver=6.9.0\" type=\"text\/css\">\n\t\t\t\t<link rel=\"stylesheet\" href=\"https:\/\/fcpcerea.it\/wp-content\/plugins\/osm\/css\/osm_map_v3.css?ver=1.0.0\" type=\"text\/css\">\n\t\t\t\t<link rel=\"stylesheet\" href=\"https:\/\/fcpcerea.it\/wp-content\/plugins\/osm\/css\/osm_map.css?ver=1.0.0\" type=\"text\/css\">\n\t\t\t\t<!-- The line below is only needed for old environments like Internet Explorer and Android 4.x -->\n                                <script src=\"https:\/\/fcpcerea.it\/wp-content\/plugins\/osm\/js\/polyfill\/v2\/polyfill.min.js?features=requestAnimationFrame,Element.prototype.classList,URL\"><\/script>\n\n\t\t\t\t<script src=\"https:\/\/fcpcerea.it\/wp-content\/plugins\/osm\/js\/OL\/6.9.0\/ol.js?ver=6.9.0\" type=\"text\/javascript\"><\/script>\n\t\t\t\t<script src=\"https:\/\/fcpcerea.it\/wp-content\/plugins\/osm\/js\/osm-v3-plugin-lib.js?ver=1.0.0\" type=\"text\/javascript\"><\/script>\n\t\t\t\t<script src=\"https:\/\/fcpcerea.it\/wp-content\/plugins\/osm\/js\/osm-metabox-events.js?ver=1.0.0\" type=\"text\/javascript\"><\/script>\n\t\t\t\t<script src=\"https:\/\/fcpcerea.it\/wp-content\/plugins\/osm\/js\/osm-startup-lib.js\" type=\"text\/javascript\"><\/script>\n\t\t\t\t<script type=\"text\/javascript\">\n\t\t\t\t\ttranslations['openlayer'] = \"open layer\";\n\t\t\t\t\ttranslations['openlayerAtStartup'] = \"open layer at startup\";\n\t\t\t\t\ttranslations['generateLink'] = \"link to this map with opened layers\";\n\t\t\t\t\ttranslations['shortDescription'] = \"short description\";\n\t\t\t\t\ttranslations['generatedShortCode'] = \"to get a text control link paste this code in your wordpress editor\";\n\t\t\t\t\ttranslations['closeLayer'] = \"close layer\";\n\t\t\t\t\ttranslations['cantGenerateLink'] = \"put this string in the existing map short code to control this map\";\n\t\t\t  <\/script>\n\n\n\t\t\t  <script type=\"text\/javascript\">\n\t\t\t  vectorM['map_ol3js_1'] = [];\n\t        \n        var raster = getTileLayer(\"stamen_terrain\",\"NoKey\");\t\t\t\n\n\t\t\t  var map_ol3js_1 = new ol.Map({\n\t\t\t\tinteractions: ol.interaction.defaults({mouseWheelZoom:false}),\n\t\t\t\tlayers: [raster],\n\t\t\t\ttarget: \"map_ol3js_1\",\n\t\t\t\tview: new ol.View({\n\t\t\t\t  center: ol.proj.transform([11.1673424,45.2387185], \"EPSG:4326\", \"EPSG:3857\"),\n\t\t\t\t  zoom: 11\n\t\t\t\t})\n\t\t\t  });\n\t\t\t  addControls2Map(map_ol3js_1,0,0,3,1,5,6,7,1,1);\nosm_addPopupClickhandler(map_ol3js_1,  \"map_ol3js_1\"); \nosm_addMouseHover(map_ol3js_1); <\/script>\n<\/div><\/div><\/div><\/div>                                            <\/div>\n                                        <\/div>\n                                    <\/div>\n\t\t\t\t\t\t\t\t\t                        <\/div>\n\n                    <\/div>\n                <\/div>\n\t\t\t\t<\/div>","protected":false},"excerpt":{"rendered":"<p>D\u00f3nde estamos Fabbrica Cooperativa Perfosfati CereaVia Farfusola 6, 37050 Bonavicina di S. Pietro di Morubio (VR) ItalySede Operativafcpcerea@fcpcerea.itTel\u00e9fono +390457125911Servicio Cliente\/Log\u00edsticaTel\u00e9fono +390457125911Servizio Clienti\/Log\u00edstica ExportTel\u00e9fono +39 0457125 919Laboratoriolaboratorio@fcpcerea.itTel\u00e9fono +390457125947Administraci\u00f3n y SociosTel\u00e9fono +390457125913Departamento Agron\u00f3micoagronomia@fcpcerea.itTel\u00e9fono +390457125926Exportelisabetta.deconti@fcpcerea.itfrancesca.moretto@fcpcerea.itTel +39 0457125 919NewsletterPara registrarte haz clic aqu\u00ed Cont\u00e1ctanos Contatti ES Nome Email Telefono GranjaCooperativaRevendedoresotro *Actividad Oggetto Messaggio Enviando mis datos declaro de haber<\/p>\n<div class=\"btn-green\"><a href=\"https:\/\/fcpcerea.it\/es\/contacto\/\">Continue Reading<\/a><\/div>\n","protected":false},"author":2,"featured_media":0,"parent":0,"menu_order":0,"comment_status":"closed","ping_status":"closed","template":"","meta":[],"yoast_head":"<!-- This site is optimized with the Yoast SEO plugin v17.6 - https:\/\/yoast.com\/wordpress\/plugins\/seo\/ -->\n<title>Contacto - FCP Cerea<\/title>\n<meta name=\"robots\" content=\"index, follow, max-snippet:-1, max-image-preview:large, max-video-preview:-1\" \/>\n<link rel=\"canonical\" href=\"https:\/\/fcpcerea.it\/es\/contacto\/\" \/>\n<meta property=\"og:locale\" content=\"es_ES\" \/>\n<meta property=\"og:type\" content=\"article\" \/>\n<meta property=\"og:title\" content=\"Contacto - FCP Cerea\" \/>\n<meta property=\"og:description\" content=\"D\u00f3nde estamos Fabbrica Cooperativa Perfosfati CereaVia Farfusola 6, 37050 Bonavicina di S. Pietro di Morubio (VR) ItalySede Operativafcpcerea@fcpcerea.itTel\u00e9fono +390457125911Servicio Cliente\/Log\u00edsticaTel\u00e9fono +390457125911Servizio Clienti\/Log\u00edstica ExportTel\u00e9fono +39 0457125 919Laboratoriolaboratorio@fcpcerea.itTel\u00e9fono +390457125947Administraci\u00f3n y SociosTel\u00e9fono +390457125913Departamento Agron\u00f3micoagronomia@fcpcerea.itTel\u00e9fono +390457125926Exportelisabetta.deconti@fcpcerea.itfrancesca.moretto@fcpcerea.itTel +39 0457125 919NewsletterPara registrarte haz clic aqu\u00ed Cont\u00e1ctanos Contatti ES Nome Email Telefono GranjaCooperativaRevendedoresotro *Actividad Oggetto Messaggio Enviando mis datos declaro de haberContinue Reading\" \/>\n<meta property=\"og:url\" content=\"https:\/\/fcpcerea.it\/es\/contacto\/\" \/>\n<meta property=\"og:site_name\" content=\"FCP Cerea\" \/>\n<meta property=\"article:modified_time\" content=\"2021-04-16T07:53:23+00:00\" \/>\n<meta name=\"twitter:card\" content=\"summary_large_image\" \/>\n<script type=\"application\/ld+json\" class=\"yoast-schema-graph\">{\"@context\":\"https:\/\/schema.org\",\"@graph\":[{\"@type\":\"WebSite\",\"@id\":\"https:\/\/fcpcerea.it\/es\/#website\",\"url\":\"https:\/\/fcpcerea.it\/es\/\",\"name\":\"FCP Cerea\",\"description\":\"Coltivare bene per mangiare meglio\",\"potentialAction\":[{\"@type\":\"SearchAction\",\"target\":{\"@type\":\"EntryPoint\",\"urlTemplate\":\"https:\/\/fcpcerea.it\/es\/?s={search_term_string}\"},\"query-input\":\"required name=search_term_string\"}],\"inLanguage\":\"es\"},{\"@type\":\"WebPage\",\"@id\":\"https:\/\/fcpcerea.it\/es\/contacto\/#webpage\",\"url\":\"https:\/\/fcpcerea.it\/es\/contacto\/\",\"name\":\"Contacto - FCP Cerea\",\"isPartOf\":{\"@id\":\"https:\/\/fcpcerea.it\/es\/#website\"},\"datePublished\":\"2019-08-08T15:55:09+00:00\",\"dateModified\":\"2021-04-16T07:53:23+00:00\",\"breadcrumb\":{\"@id\":\"https:\/\/fcpcerea.it\/es\/contacto\/#breadcrumb\"},\"inLanguage\":\"es\",\"potentialAction\":[{\"@type\":\"ReadAction\",\"target\":[\"https:\/\/fcpcerea.it\/es\/contacto\/\"]}]},{\"@type\":\"BreadcrumbList\",\"@id\":\"https:\/\/fcpcerea.it\/es\/contacto\/#breadcrumb\",\"itemListElement\":[{\"@type\":\"ListItem\",\"position\":1,\"name\":\"Home\",\"item\":\"https:\/\/fcpcerea.it\/es\/\"},{\"@type\":\"ListItem\",\"position\":2,\"name\":\"Contacto\"}]}]}<\/script>\n<!-- \/ Yoast SEO plugin. -->","yoast_head_json":{"title":"Contacto - FCP Cerea","robots":{"index":"index","follow":"follow","max-snippet":"max-snippet:-1","max-image-preview":"max-image-preview:large","max-video-preview":"max-video-preview:-1"},"canonical":"https:\/\/fcpcerea.it\/es\/contacto\/","og_locale":"es_ES","og_type":"article","og_title":"Contacto - FCP Cerea","og_description":"D\u00f3nde estamos Fabbrica Cooperativa Perfosfati CereaVia Farfusola 6, 37050 Bonavicina di S. Pietro di Morubio (VR) ItalySede Operativafcpcerea@fcpcerea.itTel\u00e9fono +390457125911Servicio Cliente\/Log\u00edsticaTel\u00e9fono +390457125911Servizio Clienti\/Log\u00edstica ExportTel\u00e9fono +39 0457125 919Laboratoriolaboratorio@fcpcerea.itTel\u00e9fono +390457125947Administraci\u00f3n y SociosTel\u00e9fono +390457125913Departamento Agron\u00f3micoagronomia@fcpcerea.itTel\u00e9fono +390457125926Exportelisabetta.deconti@fcpcerea.itfrancesca.moretto@fcpcerea.itTel +39 0457125 919NewsletterPara registrarte haz clic aqu\u00ed Cont\u00e1ctanos Contatti ES Nome Email Telefono GranjaCooperativaRevendedoresotro *Actividad Oggetto Messaggio Enviando mis datos declaro de haberContinue Reading","og_url":"https:\/\/fcpcerea.it\/es\/contacto\/","og_site_name":"FCP Cerea","article_modified_time":"2021-04-16T07:53:23+00:00","twitter_card":"summary_large_image","schema":{"@context":"https:\/\/schema.org","@graph":[{"@type":"WebSite","@id":"https:\/\/fcpcerea.it\/es\/#website","url":"https:\/\/fcpcerea.it\/es\/","name":"FCP Cerea","description":"Coltivare bene per mangiare meglio","potentialAction":[{"@type":"SearchAction","target":{"@type":"EntryPoint","urlTemplate":"https:\/\/fcpcerea.it\/es\/?s={search_term_string}"},"query-input":"required name=search_term_string"}],"inLanguage":"es"},{"@type":"WebPage","@id":"https:\/\/fcpcerea.it\/es\/contacto\/#webpage","url":"https:\/\/fcpcerea.it\/es\/contacto\/","name":"Contacto - FCP Cerea","isPartOf":{"@id":"https:\/\/fcpcerea.it\/es\/#website"},"datePublished":"2019-08-08T15:55:09+00:00","dateModified":"2021-04-16T07:53:23+00:00","breadcrumb":{"@id":"https:\/\/fcpcerea.it\/es\/contacto\/#breadcrumb"},"inLanguage":"es","potentialAction":[{"@type":"ReadAction","target":["https:\/\/fcpcerea.it\/es\/contacto\/"]}]},{"@type":"BreadcrumbList","@id":"https:\/\/fcpcerea.it\/es\/contacto\/#breadcrumb","itemListElement":[{"@type":"ListItem","position":1,"name":"Home","item":"https:\/\/fcpcerea.it\/es\/"},{"@type":"ListItem","position":2,"name":"Contacto"}]}]}},"_links":{"self":[{"href":"https:\/\/fcpcerea.it\/es\/wp-json\/wp\/v2\/pages\/7241"}],"collection":[{"href":"https:\/\/fcpcerea.it\/es\/wp-json\/wp\/v2\/pages"}],"about":[{"href":"https:\/\/fcpcerea.it\/es\/wp-json\/wp\/v2\/types\/page"}],"author":[{"embeddable":true,"href":"https:\/\/fcpcerea.it\/es\/wp-json\/wp\/v2\/users\/2"}],"replies":[{"embeddable":true,"href":"https:\/\/fcpcerea.it\/es\/wp-json\/wp\/v2\/comments?post=7241"}],"version-history":[{"count":2,"href":"https:\/\/fcpcerea.it\/es\/wp-json\/wp\/v2\/pages\/7241\/revisions"}],"predecessor-version":[{"id":9543,"href":"https:\/\/fcpcerea.it\/es\/wp-json\/wp\/v2\/pages\/7241\/revisions\/9543"}],"wp:attachment":[{"href":"https:\/\/fcpcerea.it\/es\/wp-json\/wp\/v2\/media?parent=7241"}],"curies":[{"name":"wp","href":"https:\/\/api.w.org\/{rel}","templated":true}]}}