{"id":7252,"date":"2019-11-06T10:59:24","date_gmt":"2019-11-06T09:59:24","guid":{"rendered":"https:\/\/fcpcerea.it\/rpe\/"},"modified":"2020-07-22T12:24:19","modified_gmt":"2020-07-22T10:24:19","slug":"rpe","status":"publish","type":"page","link":"https:\/\/fcpcerea.it\/es\/rpe\/","title":{"rendered":"Proyecto RPE"},"content":{"rendered":"<div id=\"wppb-builder-container\" class=\"wppb-builder-container\">                <div  class=\"wppb-row-parent  wppb-row-1573034695170 \"  >\n\t\t\t\t\t\n\t\t\t\t\t\t\t\t\t\t\n\t\t\t\t\t\t\t\t\t\t\n\t\t\t\t\t<div class=\"wppb-container \">\n\t\t\t\t\t\t\t\t\t\t\t\t\t\n                        <div class=\"wppb-row\">\n\t\t\t\t\t\t\t                                    <div  class=\"wppb-column-parent wppb-column-parent-view wppb-col-1573034695168  \"  >\n                                        <div class=\"wppb-column\">\n\t\t\t\t\t\n\t\t\t\t\t\t\t\t\t\t\t\n                                            <div class=\"wppb-builder-addons\">\n\t\t\t\t\t\t\t\t\t\t\t\t<div class='wppb-builder-addon wppb-addon-1573034751977'  data-addon-id='1573034751977'><div class='wppb-addon'><div class=\"wppb-image-addon\"><figure class=\"wppb-image-addon-content-wrap\"><div class=\"wppb-image-addon-content wppb-imginlineblock\"><img class=\"wppb-image-addon-img\" src=\"http:\/\/fcpcerea.it\/wp-content\/uploads\/2019\/11\/Banner_progetto_RPE.jpg\" alt=\"Image\"><\/div><\/figure><\/div><\/div><\/div>                                            <\/div>\n                                        <\/div>\n                                    <\/div>\n\t\t\t\t\t\t\t\t\t                                    <div  class=\"wppb-column-parent wppb-column-parent-view wppb-col-1573034695169  \"  >\n                                        <div class=\"wppb-column\">\n\t\t\t\t\t\n\t\t\t\t\t\t\t\t\t\t\t\n                                            <div class=\"wppb-builder-addons\">\n\t\t\t\t\t\t\t\t\t\t\t\t<div class='wppb-builder-addon wppb-addon-1573034802696'  data-addon-id='1573034802696'><div class='wppb-addon'><div class=\"wppb-text-block-addon\"><div class=\"wppb-text-block-content 0\"><p>La finalidad del proyecto es el desarrollo de <strong>fertilizantes fosdfatados de alta eficiencia<\/strong>, sobre todo para la agicultura ecol\u00f3gica, que se basan en minerales simples y no modificados qu\u00edmicamente as\u00ed como en los desechos derivados de la cadena alimentaria y de la producci\u00f3n animal. El proyecto ha sido financiado en un 40% (de un importe total de 50.000 euros) mediante fondos europeos gestionados por la Regi\u00f3n Veneto y las empresas implicadas.<\/p><p><strong>FCP Cerea, la cual es partner del proyecto, se ocupa de poner a punto una serie de prototipos de fertilizantes \u00f3rgano-minerales s\u00f3lidos y l\u00edquidos a trav\u00e9s de una granulaci\u00f3n controlada con diferentes agentes.<\/strong><\/p><p>Estos prototipos provocan un bajo impacto ambienta y necesitan de una reducida cantidad de energ\u00eda para su producci\u00f3n. Su caracter\u00edstica principal es aquella de tener un balance <strong>elevado entre el f\u00f3sforo aplicado y el f\u00f3sforo distribuido, que permite a las plantas cultivadas un \u00f3ptimo desarrollo vegetativo-productivo (Phosphorus Use Efficiency). <\/strong><\/p><p>Para maor informaci\u00f3n sobre el proyecto se puede seguir el siguiente Link:<\/p><ul><li><a href=\"http:\/\/www.industriavicentina.it\/idv.nsf\/codici\/8424\" target=\"_blank\" rel=\"noopener\">Industria vicentina<\/a><\/li><li><a href=\"https:\/\/agronotizie.imagelinenetwork.com\/fertilizzanti\/2018\/06\/06\/fertilizzanti-con-fosforo-ad-alta-efficienza\/58999\" target=\"_blank\" rel=\"noopener\">Imageline \u2013 Agronotizie<\/a><\/li><li><a href=\"https:\/\/www.informazione.it\/c\/30B0501F-226E-43CC-A03A-B712DC1708DC\/RPE-un-progetto-per-aumentare-l-efficienza-del-fosforo-nei-fertilizzanti\" target=\"_blank\" rel=\"noopener\">Informazione.it<\/a><\/li><\/ul><\/div><\/div><\/div><\/div>                                            <\/div>\n                                        <\/div>\n                                    <\/div>\n\t\t\t\t\t\t\t\t\t                        <\/div>\n\n                    <\/div>\n                <\/div>\n\t\t\t\t<\/div>","protected":false},"excerpt":{"rendered":"<p>La finalidad del proyecto es el desarrollo de fertilizantes fosdfatados de alta eficiencia, sobre todo para la agicultura ecol\u00f3gica, que se basan en minerales simples y no modificados qu\u00edmicamente as\u00ed como en los desechos derivados de la cadena alimentaria y de la producci\u00f3n animal. El proyecto ha sido financiado en un 40% (de un importe<\/p>\n<div class=\"btn-green\"><a href=\"https:\/\/fcpcerea.it\/es\/rpe\/\">Continue Reading<\/a><\/div>\n","protected":false},"author":2,"featured_media":0,"parent":0,"menu_order":0,"comment_status":"closed","ping_status":"closed","template":"","meta":[],"yoast_head":"<!-- This site is optimized with the Yoast SEO plugin v17.6 - https:\/\/yoast.com\/wordpress\/plugins\/seo\/ -->\n<title>Proyecto RPE - FCP Cerea<\/title>\n<meta name=\"robots\" content=\"index, follow, max-snippet:-1, max-image-preview:large, max-video-preview:-1\" \/>\n<link rel=\"canonical\" href=\"https:\/\/fcpcerea.it\/es\/rpe\/\" \/>\n<meta property=\"og:locale\" content=\"es_ES\" \/>\n<meta property=\"og:type\" content=\"article\" \/>\n<meta property=\"og:title\" content=\"Proyecto RPE - FCP Cerea\" \/>\n<meta property=\"og:description\" content=\"La finalidad del proyecto es el desarrollo de fertilizantes fosdfatados de alta eficiencia, sobre todo para la agicultura ecol\u00f3gica, que se basan en minerales simples y no modificados qu\u00edmicamente as\u00ed como en los desechos derivados de la cadena alimentaria y de la producci\u00f3n animal. El proyecto ha sido financiado en un 40% (de un importeContinue Reading\" \/>\n<meta property=\"og:url\" content=\"https:\/\/fcpcerea.it\/es\/rpe\/\" \/>\n<meta property=\"og:site_name\" content=\"FCP Cerea\" \/>\n<meta property=\"article:modified_time\" content=\"2020-07-22T10:24:19+00:00\" \/>\n<meta name=\"twitter:card\" content=\"summary_large_image\" \/>\n<script type=\"application\/ld+json\" class=\"yoast-schema-graph\">{\"@context\":\"https:\/\/schema.org\",\"@graph\":[{\"@type\":\"WebSite\",\"@id\":\"https:\/\/fcpcerea.it\/es\/#website\",\"url\":\"https:\/\/fcpcerea.it\/es\/\",\"name\":\"FCP Cerea\",\"description\":\"Coltivare bene per mangiare meglio\",\"potentialAction\":[{\"@type\":\"SearchAction\",\"target\":{\"@type\":\"EntryPoint\",\"urlTemplate\":\"https:\/\/fcpcerea.it\/es\/?s={search_term_string}\"},\"query-input\":\"required name=search_term_string\"}],\"inLanguage\":\"es\"},{\"@type\":\"WebPage\",\"@id\":\"https:\/\/fcpcerea.it\/es\/rpe\/#webpage\",\"url\":\"https:\/\/fcpcerea.it\/es\/rpe\/\",\"name\":\"Proyecto RPE - FCP Cerea\",\"isPartOf\":{\"@id\":\"https:\/\/fcpcerea.it\/es\/#website\"},\"datePublished\":\"2019-11-06T09:59:24+00:00\",\"dateModified\":\"2020-07-22T10:24:19+00:00\",\"breadcrumb\":{\"@id\":\"https:\/\/fcpcerea.it\/es\/rpe\/#breadcrumb\"},\"inLanguage\":\"es\",\"potentialAction\":[{\"@type\":\"ReadAction\",\"target\":[\"https:\/\/fcpcerea.it\/es\/rpe\/\"]}]},{\"@type\":\"BreadcrumbList\",\"@id\":\"https:\/\/fcpcerea.it\/es\/rpe\/#breadcrumb\",\"itemListElement\":[{\"@type\":\"ListItem\",\"position\":1,\"name\":\"Home\",\"item\":\"https:\/\/fcpcerea.it\/es\/\"},{\"@type\":\"ListItem\",\"position\":2,\"name\":\"Proyecto RPE\"}]}]}<\/script>\n<!-- \/ Yoast SEO plugin. -->","yoast_head_json":{"title":"Proyecto RPE - FCP Cerea","robots":{"index":"index","follow":"follow","max-snippet":"max-snippet:-1","max-image-preview":"max-image-preview:large","max-video-preview":"max-video-preview:-1"},"canonical":"https:\/\/fcpcerea.it\/es\/rpe\/","og_locale":"es_ES","og_type":"article","og_title":"Proyecto RPE - FCP Cerea","og_description":"La finalidad del proyecto es el desarrollo de fertilizantes fosdfatados de alta eficiencia, sobre todo para la agicultura ecol\u00f3gica, que se basan en minerales simples y no modificados qu\u00edmicamente as\u00ed como en los desechos derivados de la cadena alimentaria y de la producci\u00f3n animal. El proyecto ha sido financiado en un 40% (de un importeContinue Reading","og_url":"https:\/\/fcpcerea.it\/es\/rpe\/","og_site_name":"FCP Cerea","article_modified_time":"2020-07-22T10:24:19+00:00","twitter_card":"summary_large_image","schema":{"@context":"https:\/\/schema.org","@graph":[{"@type":"WebSite","@id":"https:\/\/fcpcerea.it\/es\/#website","url":"https:\/\/fcpcerea.it\/es\/","name":"FCP Cerea","description":"Coltivare bene per mangiare meglio","potentialAction":[{"@type":"SearchAction","target":{"@type":"EntryPoint","urlTemplate":"https:\/\/fcpcerea.it\/es\/?s={search_term_string}"},"query-input":"required name=search_term_string"}],"inLanguage":"es"},{"@type":"WebPage","@id":"https:\/\/fcpcerea.it\/es\/rpe\/#webpage","url":"https:\/\/fcpcerea.it\/es\/rpe\/","name":"Proyecto RPE - FCP Cerea","isPartOf":{"@id":"https:\/\/fcpcerea.it\/es\/#website"},"datePublished":"2019-11-06T09:59:24+00:00","dateModified":"2020-07-22T10:24:19+00:00","breadcrumb":{"@id":"https:\/\/fcpcerea.it\/es\/rpe\/#breadcrumb"},"inLanguage":"es","potentialAction":[{"@type":"ReadAction","target":["https:\/\/fcpcerea.it\/es\/rpe\/"]}]},{"@type":"BreadcrumbList","@id":"https:\/\/fcpcerea.it\/es\/rpe\/#breadcrumb","itemListElement":[{"@type":"ListItem","position":1,"name":"Home","item":"https:\/\/fcpcerea.it\/es\/"},{"@type":"ListItem","position":2,"name":"Proyecto RPE"}]}]}},"_links":{"self":[{"href":"https:\/\/fcpcerea.it\/es\/wp-json\/wp\/v2\/pages\/7252"}],"collection":[{"href":"https:\/\/fcpcerea.it\/es\/wp-json\/wp\/v2\/pages"}],"about":[{"href":"https:\/\/fcpcerea.it\/es\/wp-json\/wp\/v2\/types\/page"}],"author":[{"embeddable":true,"href":"https:\/\/fcpcerea.it\/es\/wp-json\/wp\/v2\/users\/2"}],"replies":[{"embeddable":true,"href":"https:\/\/fcpcerea.it\/es\/wp-json\/wp\/v2\/comments?post=7252"}],"version-history":[{"count":3,"href":"https:\/\/fcpcerea.it\/es\/wp-json\/wp\/v2\/pages\/7252\/revisions"}],"predecessor-version":[{"id":7258,"href":"https:\/\/fcpcerea.it\/es\/wp-json\/wp\/v2\/pages\/7252\/revisions\/7258"}],"wp:attachment":[{"href":"https:\/\/fcpcerea.it\/es\/wp-json\/wp\/v2\/media?parent=7252"}],"curies":[{"name":"wp","href":"https:\/\/api.w.org\/{rel}","templated":true}]}}