{"id":7263,"date":"2019-10-07T10:03:48","date_gmt":"2019-10-07T08:03:48","guid":{"rendered":"https:\/\/fcpcerea.it\/lavora-con-noi\/"},"modified":"2020-07-22T14:18:15","modified_gmt":"2020-07-22T12:18:15","slug":"trabaja-con-nosotros","status":"publish","type":"page","link":"https:\/\/fcpcerea.it\/es\/trabaja-con-nosotros\/","title":{"rendered":"Trabaja con nosotros"},"content":{"rendered":"<div id=\"wppb-builder-container\" class=\"wppb-builder-container\">                <div  class=\"wppb-row-parent  wppb-row-1565275002766 \"  >\n\t\t\t\t\t\n\t\t\t\t\t\t\t\t\t\t\n\t\t\t\t\t\t\t\t\t\t\n\t\t\t\t\t<div class=\"wppb-container \">\n\t\t\t\t\t\t\t\t\t\t\t\t\t\n                        <div class=\"wppb-row\">\n\t\t\t\t\t\t\t                                    <div  class=\"wppb-column-parent wppb-column-parent-view wppb-col-1565275002767  wppb-wow fadeInUp\"  data-wow-delay='ms'  data-wow-duration='ms'  >\n                                        <div class=\"wppb-column\">\n\t\t\t\t\t\n\t\t\t\t\t\t\t\t\t\t\t\n                                            <div class=\"wppb-builder-addons\">\n\t\t\t\t\t\t\t\t\t\t\t\t<div class='wppb-builder-addon wppb-addon-1565275002846'  data-addon-id='1565275002846'><div class='wppb-addon'><div class=\"wppb-headline-addon\"><div class=\"wppb-headline-content\"><h3 class=\"wppb-addon-title\">FCP Cerea realiza una b\u00fasqueda constante de personas motivadas e intraprendentes, que quieran trabajar en un ambiente en continua evoluci\u00f3n.<br \/>\n\nSi quieres formar parte de nuestro Staff, controla los perfiles requeridos y env\u00edanos tu Curriculum.<\/h3><\/div><\/div><\/div><\/div>                                            <\/div>\n                                        <\/div>\n                                    <\/div>\n\t\t\t\t\t\t\t\t\t                        <\/div>\n\n                    <\/div>\n                <\/div>\n\t\t\t\t                <div  class=\"wppb-row-parent  wppb-row-1573029934582 \"  >\n\t\t\t\t\t\n\t\t\t\t\t\t\t\t\t\t\n\t\t\t\t\t\t\t\t\t\t\n\t\t\t\t\t<div class=\"wppb-container \">\n\t\t\t\t\t\t\t\t\t\t\t\t\t\n                        <div class=\"wppb-row\">\n\t\t\t\t\t\t\t                                    <div  class=\"wppb-column-parent wppb-column-parent-view wppb-col-1573029934581  \"  >\n                                        <div class=\"wppb-column\">\n\t\t\t\t\t\n\t\t\t\t\t\t\t\t\t\t\t\n                                            <div class=\"wppb-builder-addons\">\n\t\t\t\t\t\t\t\t\t\t\t\t<div class='wppb-builder-addon wppb-addon-1573029962396'  data-addon-id='1573029962396'><div class='wppb-addon'><div class=\"wppb-raw-html-addon\"><div class=\"wppb-raw-html-content\"><div class=\"job_list_container\"><ul class=\"job_list\"><li class=\"item\"><h3>Agente di vendita tecnico\/commerciale Toscana<\/h3><p class=\"detail_link btn-green\"><a href=\"https:\/\/fcpcerea.it\/lavora-con-noi\/agente-di-vendita-tecnico-commerciale-toscana\/\">Dettagli<\/a><\/p><\/li><li class=\"item\"><h3>Area di marketing<\/h3><p class=\"detail_link btn-green\"><a href=\"https:\/\/fcpcerea.it\/lavora-con-noi\/area-di-marketing\/\">Dettagli<\/a><\/p><\/li><li class=\"item\"><h3>Agente di vendita<\/h3><p class=\"detail_link btn-green\"><a href=\"https:\/\/fcpcerea.it\/lavora-con-noi\/agente-di-vendita\/\">Dettagli<\/a><\/p><\/li><li class=\"item\"><h3>Area Produzione \/ Manutenzioni<\/h3><p class=\"detail_link btn-green\"><a href=\"https:\/\/fcpcerea.it\/lavora-con-noi\/area-produzione-manutenzioni\/\">Dettagli<\/a><\/p><\/li><li class=\"item\"><h3>Area R&D \u2013 Controllo Qualit\u00e0 - Regulatory<\/h3><p class=\"detail_link btn-green\"><a href=\"https:\/\/fcpcerea.it\/lavora-con-noi\/area-rd-controllo-qualita-regulatory\/\">Dettagli<\/a><\/p><\/li><li class=\"item\"><h3>Area Tecnico Agronomo Commerciale<\/h3><p class=\"detail_link btn-green\"><a href=\"https:\/\/fcpcerea.it\/lavora-con-noi\/area-tecnico-agronomo-commerciale\/\">Dettagli<\/a><\/p><\/li><\/ul><\/div><!-- end job_list --><\/div><\/div><\/div><\/div>                                            <\/div>\n                                        <\/div>\n                                    <\/div>\n\t\t\t\t\t\t\t\t\t                        <\/div>\n\n                    <\/div>\n                <\/div>\n\t\t\t\t                <div  class=\"wppb-row-parent  wppb-row-1570435435047 \"  >\n\t\t\t\t\t\n\t\t\t\t\t\t\t\t\t\t\n\t\t\t\t\t\t\t\t\t\t\n\t\t\t\t\t<div class=\"wppb-container \">\n\t\t\t\t\t\t\t\t\t\t\t\t\t\n                        <div class=\"wppb-row\">\n\t\t\t\t\t\t\t                                    <div  class=\"wppb-column-parent wppb-column-parent-view wppb-col-1570435435046  \"  >\n                                        <div class=\"wppb-column\">\n\t\t\t\t\t\n\t\t\t\t\t\t\t\t\t\t\t\n                                            <div class=\"wppb-builder-addons\">\n\t\t\t\t\t\t\t\t\t\t\t\t<div class='wppb-builder-addon wppb-addon-1570436679689'  data-addon-id='1570436679689'><div class='wppb-addon'><div class=\"wppb-raw-html-addon\"><div class=\"wppb-raw-html-content\"><div class=\"btn-green\"><a href=\"http:\/\/fcpcerea.it\">Volver a la p\u00e1gina inicial<\/a><\/div><\/div><\/div><\/div><\/div>                                            <\/div>\n                                        <\/div>\n                                    <\/div>\n\t\t\t\t\t\t\t\t\t                        <\/div>\n\n                    <\/div>\n                <\/div>\n\t\t\t\t<\/div>","protected":false},"excerpt":{"rendered":"<p>FCP Cerea realiza una b\u00fasqueda constante de personas motivadas e intraprendentes, que quieran trabajar en un ambiente en continua evoluci\u00f3n. Si quieres formar parte de nuestro Staff, controla los perfiles requeridos y env\u00edanos tu Curriculum. Agente di vendita tecnico\/commerciale ToscanaDettagliArea di marketingDettagliAgente di venditaDettagliArea Produzione \/ ManutenzioniDettagliArea R&#038;D \u2013 Controllo Qualit\u00e0 &#8211; RegulatoryDettagliArea Tecnico Agronomo<\/p>\n<div class=\"btn-green\"><a href=\"https:\/\/fcpcerea.it\/es\/trabaja-con-nosotros\/\">Continue Reading<\/a><\/div>\n","protected":false},"author":2,"featured_media":0,"parent":0,"menu_order":0,"comment_status":"closed","ping_status":"closed","template":"","meta":[],"yoast_head":"<!-- This site is optimized with the Yoast SEO plugin v17.6 - https:\/\/yoast.com\/wordpress\/plugins\/seo\/ -->\n<title>Trabaja con nosotros - FCP Cerea<\/title>\n<meta name=\"robots\" content=\"index, follow, max-snippet:-1, max-image-preview:large, max-video-preview:-1\" \/>\n<link rel=\"canonical\" href=\"https:\/\/fcpcerea.it\/es\/trabaja-con-nosotros\/\" \/>\n<meta property=\"og:locale\" content=\"es_ES\" \/>\n<meta property=\"og:type\" content=\"article\" \/>\n<meta property=\"og:title\" content=\"Trabaja con nosotros - FCP Cerea\" \/>\n<meta property=\"og:description\" content=\"FCP Cerea realiza una b\u00fasqueda constante de personas motivadas e intraprendentes, que quieran trabajar en un ambiente en continua evoluci\u00f3n. Si quieres formar parte de nuestro Staff, controla los perfiles requeridos y env\u00edanos tu Curriculum. Agente di vendita tecnico\/commerciale ToscanaDettagliArea di marketingDettagliAgente di venditaDettagliArea Produzione \/ ManutenzioniDettagliArea R&amp;D \u2013 Controllo Qualit\u00e0 - RegulatoryDettagliArea Tecnico AgronomoContinue Reading\" \/>\n<meta property=\"og:url\" content=\"https:\/\/fcpcerea.it\/es\/trabaja-con-nosotros\/\" \/>\n<meta property=\"og:site_name\" content=\"FCP Cerea\" \/>\n<meta property=\"article:modified_time\" content=\"2020-07-22T12:18:15+00:00\" \/>\n<meta name=\"twitter:card\" content=\"summary_large_image\" \/>\n<script type=\"application\/ld+json\" class=\"yoast-schema-graph\">{\"@context\":\"https:\/\/schema.org\",\"@graph\":[{\"@type\":\"WebSite\",\"@id\":\"https:\/\/fcpcerea.it\/es\/#website\",\"url\":\"https:\/\/fcpcerea.it\/es\/\",\"name\":\"FCP Cerea\",\"description\":\"Coltivare bene per mangiare meglio\",\"potentialAction\":[{\"@type\":\"SearchAction\",\"target\":{\"@type\":\"EntryPoint\",\"urlTemplate\":\"https:\/\/fcpcerea.it\/es\/?s={search_term_string}\"},\"query-input\":\"required name=search_term_string\"}],\"inLanguage\":\"es\"},{\"@type\":\"WebPage\",\"@id\":\"https:\/\/fcpcerea.it\/es\/trabaja-con-nosotros\/#webpage\",\"url\":\"https:\/\/fcpcerea.it\/es\/trabaja-con-nosotros\/\",\"name\":\"Trabaja con nosotros - FCP Cerea\",\"isPartOf\":{\"@id\":\"https:\/\/fcpcerea.it\/es\/#website\"},\"datePublished\":\"2019-10-07T08:03:48+00:00\",\"dateModified\":\"2020-07-22T12:18:15+00:00\",\"breadcrumb\":{\"@id\":\"https:\/\/fcpcerea.it\/es\/trabaja-con-nosotros\/#breadcrumb\"},\"inLanguage\":\"es\",\"potentialAction\":[{\"@type\":\"ReadAction\",\"target\":[\"https:\/\/fcpcerea.it\/es\/trabaja-con-nosotros\/\"]}]},{\"@type\":\"BreadcrumbList\",\"@id\":\"https:\/\/fcpcerea.it\/es\/trabaja-con-nosotros\/#breadcrumb\",\"itemListElement\":[{\"@type\":\"ListItem\",\"position\":1,\"name\":\"Home\",\"item\":\"https:\/\/fcpcerea.it\/es\/\"},{\"@type\":\"ListItem\",\"position\":2,\"name\":\"Trabaja con nosotros\"}]}]}<\/script>\n<!-- \/ Yoast SEO plugin. -->","yoast_head_json":{"title":"Trabaja con nosotros - FCP Cerea","robots":{"index":"index","follow":"follow","max-snippet":"max-snippet:-1","max-image-preview":"max-image-preview:large","max-video-preview":"max-video-preview:-1"},"canonical":"https:\/\/fcpcerea.it\/es\/trabaja-con-nosotros\/","og_locale":"es_ES","og_type":"article","og_title":"Trabaja con nosotros - FCP Cerea","og_description":"FCP Cerea realiza una b\u00fasqueda constante de personas motivadas e intraprendentes, que quieran trabajar en un ambiente en continua evoluci\u00f3n. Si quieres formar parte de nuestro Staff, controla los perfiles requeridos y env\u00edanos tu Curriculum. Agente di vendita tecnico\/commerciale ToscanaDettagliArea di marketingDettagliAgente di venditaDettagliArea Produzione \/ ManutenzioniDettagliArea R&D \u2013 Controllo Qualit\u00e0 - RegulatoryDettagliArea Tecnico AgronomoContinue Reading","og_url":"https:\/\/fcpcerea.it\/es\/trabaja-con-nosotros\/","og_site_name":"FCP Cerea","article_modified_time":"2020-07-22T12:18:15+00:00","twitter_card":"summary_large_image","schema":{"@context":"https:\/\/schema.org","@graph":[{"@type":"WebSite","@id":"https:\/\/fcpcerea.it\/es\/#website","url":"https:\/\/fcpcerea.it\/es\/","name":"FCP Cerea","description":"Coltivare bene per mangiare meglio","potentialAction":[{"@type":"SearchAction","target":{"@type":"EntryPoint","urlTemplate":"https:\/\/fcpcerea.it\/es\/?s={search_term_string}"},"query-input":"required name=search_term_string"}],"inLanguage":"es"},{"@type":"WebPage","@id":"https:\/\/fcpcerea.it\/es\/trabaja-con-nosotros\/#webpage","url":"https:\/\/fcpcerea.it\/es\/trabaja-con-nosotros\/","name":"Trabaja con nosotros - FCP Cerea","isPartOf":{"@id":"https:\/\/fcpcerea.it\/es\/#website"},"datePublished":"2019-10-07T08:03:48+00:00","dateModified":"2020-07-22T12:18:15+00:00","breadcrumb":{"@id":"https:\/\/fcpcerea.it\/es\/trabaja-con-nosotros\/#breadcrumb"},"inLanguage":"es","potentialAction":[{"@type":"ReadAction","target":["https:\/\/fcpcerea.it\/es\/trabaja-con-nosotros\/"]}]},{"@type":"BreadcrumbList","@id":"https:\/\/fcpcerea.it\/es\/trabaja-con-nosotros\/#breadcrumb","itemListElement":[{"@type":"ListItem","position":1,"name":"Home","item":"https:\/\/fcpcerea.it\/es\/"},{"@type":"ListItem","position":2,"name":"Trabaja con nosotros"}]}]}},"_links":{"self":[{"href":"https:\/\/fcpcerea.it\/es\/wp-json\/wp\/v2\/pages\/7263"}],"collection":[{"href":"https:\/\/fcpcerea.it\/es\/wp-json\/wp\/v2\/pages"}],"about":[{"href":"https:\/\/fcpcerea.it\/es\/wp-json\/wp\/v2\/types\/page"}],"author":[{"embeddable":true,"href":"https:\/\/fcpcerea.it\/es\/wp-json\/wp\/v2\/users\/2"}],"replies":[{"embeddable":true,"href":"https:\/\/fcpcerea.it\/es\/wp-json\/wp\/v2\/comments?post=7263"}],"version-history":[{"count":2,"href":"https:\/\/fcpcerea.it\/es\/wp-json\/wp\/v2\/pages\/7263\/revisions"}],"predecessor-version":[{"id":7265,"href":"https:\/\/fcpcerea.it\/es\/wp-json\/wp\/v2\/pages\/7263\/revisions\/7265"}],"wp:attachment":[{"href":"https:\/\/fcpcerea.it\/es\/wp-json\/wp\/v2\/media?parent=7263"}],"curies":[{"name":"wp","href":"https:\/\/api.w.org\/{rel}","templated":true}]}}