{"id":7271,"date":"2019-08-06T12:30:08","date_gmt":"2019-08-06T10:30:08","guid":{"rendered":"https:\/\/fcpcerea.it\/home\/"},"modified":"2020-07-22T15:01:55","modified_gmt":"2020-07-22T13:01:55","slug":"home","status":"publish","type":"page","link":"https:\/\/fcpcerea.it\/es\/","title":{"rendered":"Home"},"content":{"rendered":"<div id=\"wppb-builder-container\" class=\"wppb-builder-container\">                <div  class=\"wppb-row-parent  wppb-row-1567439647253 no-before\"  >\n\t\t\t\t\t\n\t\t\t\t\t\t\t\t\t\t\n\t\t\t\t\t\t\t\t\t\t\n\t\t\t\t\t<div class=\"wppb-container \">\n\t\t\t\t\t\t\t\t\t\t\t\t\t\n                        <div class=\"wppb-row\">\n\t\t\t\t\t\t\t                                    <div  class=\"wppb-column-parent wppb-column-parent-view wppb-col-1567439647252  \"  >\n                                        <div class=\"wppb-column\">\n\t\t\t\t\t\n\t\t\t\t\t\t\t\t\t\t\t\n                                            <div class=\"wppb-builder-addons\">\n\t\t\t\t\t\t\t\t\t\t\t\t<div class='wppb-builder-addon wppb-addon-1571989368346'  data-addon-id='1571989368346'><div class='wppb-addon'><div class=\"wppb-headline-addon\"><div class=\"wppb-headline-content\"><h2 class=\"wppb-addon-title\">Desde hace m\u00e1s de 100 a\u00f1os producimos abonos innovadores gracias a una actividad continua de investigaci\u00f3n y desarrollo, hacia una agricultura siempre m\u00e1s integrada y avanzada<\/h2><\/div><\/div><\/div><\/div>                                            <\/div>\n                                        <\/div>\n                                    <\/div>\n\t\t\t\t\t\t\t\t\t                        <\/div>\n\n                    <\/div>\n                <\/div>\n\t\t\t\t                <div  class=\"wppb-row-parent  wppb-row-1571989188130 \"  >\n\t\t\t\t\t\n\t\t\t\t\t\t\t\t\t\t\n\t\t\t\t\t\t\t\t\t\t\n\t\t\t\t\t<div class=\"wppb-container \">\n\t\t\t\t\t\t\t\t\t\t\t\t\t\n                        <div class=\"wppb-row\">\n\t\t\t\t\t\t\t                                    <div  class=\"wppb-column-parent wppb-column-parent-view wppb-col-1571989188131  \"  >\n                                        <div class=\"wppb-column\">\n\t\t\t\t\t\n\t\t\t\t\t\t\t\t\t\t\t\n                                            <div class=\"wppb-builder-addons\">\n\t\t\t\t\t\t\t\t\t\t\t\t<div class='wppb-builder-addon wppb-addon-1571989188132'  data-addon-id='1571989188132'><div class='wppb-addon'><div class=\"wppb-headline-addon\"><div class=\"wppb-headline-content\"><h2 class=\"wppb-addon-title\">L\u00ednea de fertilizantes<\/h2><\/div><\/div><\/div><\/div>                                            <\/div>\n                                        <\/div>\n                                    <\/div>\n\t\t\t\t\t\t\t\t\t                        <\/div>\n\n                    <\/div>\n                <\/div>\n\t\t\t\t                <div  class=\"wppb-row-parent \"  >\n\t\t\t\t\t\n\t\t\t\t\t\t\t\t\t\t\n\t\t\t\t\t\t\t\t\t\t\n\t\t\t\t\t<div class=\"wppb-container  wppb-row-1565087165713  wppb-container-row-default\">\n\t\t\t\t\t\t\t\t\t\t\t\t\t\n                        <div class=\"wppb-row\">\n\t\t\t\t\t\t\t                                    <div  class=\"wppb-column-parent wppb-column-parent-view wppb-col-1569341769399  \"  >\n                                        <div class=\"wppb-column\">\n\t\t\t\t\t\n\t\t\t\t\t\t\t\t\t\t\t\n                                            <div class=\"wppb-builder-addons\">\n\t\t\t\t\t\t\t\t\t\t\t\t                                            <\/div>\n                                        <\/div>\n                                    <\/div>\n\t\t\t\t\t\t\t\t\t                                    <div  class=\"wppb-column-parent wppb-column-parent-view wppb-col-1569337195032  wppb-wow fadeInRight\"  data-wow-delay='10ms'  data-wow-duration='ms'  >\n                                        <div class=\"wppb-column\">\n\t\t\t\t\t\n\t\t\t\t\t\t\t\t\t\t\t\n                                            <div class=\"wppb-builder-addons\">\n\t\t\t\t\t\t\t\t\t\t\t\t<div class='wppb-builder-addon wppb-addon-1569337195033'  data-addon-id='1569337195033'><div class='wppb-addon'><div class=\"wppb-headline-addon\"><div class=\"wppb-headline-content\"><h3 class=\"wppb-addon-title\">NUTRICI\u00d3N ESPECIAL<\/h3><\/div><\/div><\/div><\/div><div class='wppb-builder-addon wppb-addon-1569337195034'  data-addon-id='1569337195034'><div class='wppb-addon'><div class=\"wppb-text-block-addon\"><div class=\"wppb-text-block-content 0\"><p><strong><a href=\"https:\/\/fcpcerea.it\/es\/linea-de-fertilizantes\/power\/\">POWER<\/a><\/strong><br \/><strong><a href=\"https:\/\/fcpcerea.it\/es\/linea-de-fertilizantes\/leaf\/\">LEAF<\/a><\/strong><br \/><strong><a href=\"https:\/\/fcpcerea.it\/es\/linea-de-fertilizantes\/futura\/\">FUTURA<\/a><\/strong><br \/><strong><a href=\"https:\/\/fcpcerea.it\/es\/linea-de-fertilizantes\/reactive-es\/\">REACTIVE<\/a><\/strong><\/p><\/div><\/div><\/div><\/div><div class='wppb-builder-addon wppb-addon-1569337195035'  data-addon-id='1569337195035'><div class='wppb-addon'><div class=\"wppb-headline-addon\"><div class=\"wppb-headline-content\"><h3 class=\"wppb-addon-title\">GRANULADOS<\/h3><\/div><\/div><\/div><\/div><div class='wppb-builder-addon wppb-addon-1569337195036'  data-addon-id='1569337195036'><div class='wppb-addon'><div class=\"wppb-text-block-addon\"><div class=\"wppb-text-block-content 0\"><p><strong><a href=\"https:\/\/fcpcerea.it\/es\/linea-de-fertilizantes\/fert-premium\/\">FERT Premium<\/a><\/strong><br \/><strong><a href=\"https:\/\/fcpcerea.it\/es\/linea-de-fertilizantes\/fert\/\">FERT<\/a><br \/><a href=\"https:\/\/fcpcerea.it\/es\/linea-de-fertilizantes\/active-premium\/\">ACTIVE Premium<\/a><br \/><\/strong><strong><a href=\"https:\/\/fcpcerea.it\/es\/linea-de-fertilizantes\/active\/\">ACTIVE<\/a><\/strong><br \/><strong><a href=\"https:\/\/fcpcerea.it\/es\/linea-de-fertilizantes\/organic\/\">ORGANIC<\/a><\/strong><br \/><strong><a href=\"https:\/\/fcpcerea.it\/es\/linea-de-fertilizantes\/speciality\/\">SPECIALITY<\/a><\/strong><\/p><\/div><\/div><\/div><\/div><div class='wppb-builder-addon wppb-addon-1569337195037'  data-addon-id='1569337195037'><div class='wppb-addon'><div class=\"wppb-headline-addon\"><div class=\"wppb-headline-content\"><h3 class=\"wppb-addon-title\">HIDROSOLUBLES<\/h3><\/div><\/div><\/div><\/div><div class='wppb-builder-addon wppb-addon-1569337195038'  data-addon-id='1569337195038'><div class='wppb-addon'><div class=\"wppb-text-block-addon\"><div class=\"wppb-text-block-content 0\"><p><strong><a href=\"https:\/\/fcpcerea.it\/es\/linea-de-fertilizantes\/fertigation\/\">FERTIGATION<\/a><\/strong><\/p><\/div><\/div><\/div><\/div>                                            <\/div>\n                                        <\/div>\n                                    <\/div>\n\t\t\t\t\t\t\t\t\t                        <\/div>\n\n                    <\/div>\n                <\/div>\n\t\t\t\t                <div  class=\"wppb-row-parent  wppb-row-1565094839490 \"  >\n\t\t\t\t\t\n\t\t\t\t\t\t\t\t\t\t\n\t\t\t\t\t\t\t\t\t\t\n\t\t\t\t\t<div class=\"wppb-container \">\n\t\t\t\t\t\t\t\t\t\t\t\t\t\n                        <div class=\"wppb-row\">\n\t\t\t\t\t\t\t                                    <div  class=\"wppb-column-parent wppb-column-parent-view wppb-col-1565094839488  wppb-wow fadeInLeft\"  data-wow-delay='ms'  data-wow-duration='ms'  >\n                                        <div class=\"wppb-column\">\n\t\t\t\t\t\n\t\t\t\t\t\t\t\t\t\t\t\n                                            <div class=\"wppb-builder-addons\">\n\t\t\t\t\t\t\t\t\t\t\t\t<div class='wppb-builder-addon wppb-addon-1567516079718'  data-addon-id='1567516079718'><div class='wppb-addon'><div class=\"wppb-headline-addon\"><div class=\"wppb-headline-content\"><h2 class=\"wppb-addon-title\">Nano fertilizantes, tecnolog\u00eda verde que cambia el modo de nutrir las plantas<\/h2><\/div><\/div><\/div><\/div><div class='wppb-builder-addon wppb-addon-1567519433321'  data-addon-id='1567519433321'><div class='wppb-addon'><div class=\"wppb-raw-html-addon\"><div class=\"wppb-raw-html-content\"><div class=\"btn-green\"><a href=\"https:\/\/nanot.eu\/es\/\">Saber m\u00e1s<\/a><\/div><\/div><\/div><\/div><\/div>                                            <\/div>\n                                        <\/div>\n                                    <\/div>\n\t\t\t\t\t\t\t\t\t                                    <div  class=\"wppb-column-parent wppb-column-parent-view wppb-col-1565094839489  \"  >\n                                        <div class=\"wppb-column\">\n\t\t\t\t\t\n\t\t\t\t\t\t\t\t\t\t\t\n                                            <div class=\"wppb-builder-addons\">\n\t\t\t\t\t\t\t\t\t\t\t\t                                            <\/div>\n                                        <\/div>\n                                    <\/div>\n\t\t\t\t\t\t\t\t\t                        <\/div>\n\n                    <\/div>\n                <\/div>\n\t\t\t\t                <div  class=\"wppb-row-parent  wppb-row-1565096990866 ultimi-articoli\"  >\n\t\t\t\t\t\n\t\t\t\t\t\t\t\t\t\t\n\t\t\t\t\t\t\t\t\t\t\n\t\t\t\t\t<div class=\"wppb-container \">\n\t\t\t\t\t\t\t\t\t\t\t\t\t\n                        <div class=\"wppb-row\">\n\t\t\t\t\t\t\t                                    <div  class=\"wppb-column-parent wppb-column-parent-view wppb-col-1565096990865  wppb-wow fadeInUp\"  data-wow-delay='ms'  data-wow-duration='ms'  >\n                                        <div class=\"wppb-column\">\n\t\t\t\t\t\n\t\t\t\t\t\t\t\t\t\t\t\n                                            <div class=\"wppb-builder-addons\">\n\t\t\t\t\t\t\t\t\t\t\t\t<div class='wppb-builder-addon wppb-addon-1565097226181'  data-addon-id='1565097226181'><div class='wppb-addon'>\t\r\n            <div class=\"wppb-posts-addon\">\r\n                <div class=\"wppb-posts-addon-content\">\r\n\t\t\t\t\t<div class=\"wppb-addons-col\">\r\n\t\t\t\t\t\t\t\t\t\t\t\t\t<div class=\"wppb-addons-col-md2 wppb-addons-col-sm2 wppb-addons-col-xs1\">\r\n\t\t\t\t\t\t\t\t\r\n\t\t\t\t\t\t\t\t<div class=\"wppb-post-grid-wrap wppb-post-grid-one\"><div class=\"wppb-post-grid-img\"><a href='https:\/\/fcpcerea.it\/es\/el-fosforo-disponibilidad-y-absorcion\/'><img src='https:\/\/fcpcerea.it\/wp-content\/uploads\/2022\/01\/gennaio-2022-600x450.jpg' alt='El f\u00f3sforo: disponibilidad y absorci\u00f3n'\/><\/a><\/div><div class=\"wppb-post-grid-content\"><div class='wppb-post-grid-meta'>28 enero 2022 <\/div><h3 class='wppb-post-grid-title'><a href='https:\/\/fcpcerea.it\/es\/el-fosforo-disponibilidad-y-absorcion\/'>El f\u00f3sforo: disponibilidad y absorci\u00f3n<\/a><\/h3><div class='wppb-post-grid-intro'>El f\u00f3sforo es un elemento esencial\u00a0para la planta y su carencia puede provocar graves consecuencias en su crecimiento y productividad.\u00a0 Adem\u00e1s, el f\u00f3sforo se caracteriza<\/div><div class='wppb-post-grid-btn-wrap'><a class='wppb-post-grid-btn' href='https:\/\/fcpcerea.it\/es\/el-fosforo-disponibilidad-y-absorcion\/'>Saber m\u00e1s<\/a><\/div><\/div><\/div>\t\t\t\t\t\t\t<\/div> <!--\/.wppb-addons-col-->\r\n\t\t\t\t\t\t\t\t\t\t\t\t\t\t<div class=\"wppb-addons-col-md2 wppb-addons-col-sm2 wppb-addons-col-xs1\">\r\n\t\t\t\t\t\t\t\t\r\n\t\t\t\t\t\t\t\t<div class=\"wppb-post-grid-wrap wppb-post-grid-one\"><div class=\"wppb-post-grid-img\"><a href='https:\/\/fcpcerea.it\/es\/biofortificacion-agronomica-mejora-fruta-verdura\/'><img src='https:\/\/fcpcerea.it\/wp-content\/uploads\/2021\/12\/Articolo-biofortificazione-agronomica-dicembre-2021-600x450.png' alt='Mejora nutricional de la fruta y la verdura: la biofortificaci\u00f3n agron\u00f3mica'\/><\/a><\/div><div class=\"wppb-post-grid-content\"><div class='wppb-post-grid-meta'>16 diciembre 2021 <\/div><h3 class='wppb-post-grid-title'><a href='https:\/\/fcpcerea.it\/es\/biofortificacion-agronomica-mejora-fruta-verdura\/'>Mejora nutricional de la fruta y la verdura: la biofortificaci\u00f3n agron\u00f3mica<\/a><\/h3><div class='wppb-post-grid-intro'>Una dieta desordenada y la adquisici\u00e0on de alimentos de baja calidad, con\u00a0 un nivel nutricional escaso, han llevado, en los \u00faltimos a\u00f1os, a problemas de<\/div><div class='wppb-post-grid-btn-wrap'><a class='wppb-post-grid-btn' href='https:\/\/fcpcerea.it\/es\/biofortificacion-agronomica-mejora-fruta-verdura\/'>Saber m\u00e1s<\/a><\/div><\/div><\/div>\t\t\t\t\t\t\t<\/div> <!--\/.wppb-addons-col-->\r\n\t\t\t\t\t\t\t\t\t\t\t\t<\/div><!--\/.wppb-posts-addon-content-->\r\n\r\n\t\t\t\t\t            <\/div><!--\/.wppb-posts-addon-->\r\n        <\/div><!--\/.wppb-posts-addon-->\r\n\t\t\t<\/div><\/div>                                            <\/div>\n                                        <\/div>\n                                    <\/div>\n\t\t\t\t\t\t\t\t\t                        <\/div>\n\n                    <\/div>\n                <\/div>\n\t\t\t\t<\/div>","protected":false},"excerpt":{"rendered":"<p>Una dieta desordenada y la adquisici\u00e0on de alimentos de baja calidad, con\u00a0 un nivel nutricional escaso, han llevado, en los \u00faltimos a\u00f1os, a problemas de<\/p>\n","protected":false},"author":2,"featured_media":0,"parent":0,"menu_order":0,"comment_status":"closed","ping_status":"closed","template":"","meta":[],"yoast_head":"<!-- This site is optimized with the Yoast SEO plugin v17.6 - https:\/\/yoast.com\/wordpress\/plugins\/seo\/ -->\n<title>FCP Cerea | Coltivare bene per mangiare meglio<\/title>\n<meta name=\"description\" content=\"FCP Cerea produce fertilizzanti Verona (concimi complessi granulari NPK-NP-PK minerali e organo-minerali)\" \/>\n<meta name=\"robots\" content=\"index, follow, max-snippet:-1, max-image-preview:large, max-video-preview:-1\" \/>\n<link rel=\"canonical\" href=\"https:\/\/fcpcerea.it\/es\/\" \/>\n<meta property=\"og:locale\" content=\"es_ES\" \/>\n<meta property=\"og:type\" content=\"article\" \/>\n<meta property=\"og:title\" content=\"FCP Cerea | Coltivare bene per mangiare meglio\" \/>\n<meta property=\"og:description\" content=\"FCP Cerea produce fertilizzanti Verona (concimi complessi granulari NPK-NP-PK minerali e organo-minerali)\" \/>\n<meta property=\"og:url\" content=\"https:\/\/fcpcerea.it\/es\/\" \/>\n<meta property=\"og:site_name\" content=\"FCP Cerea\" \/>\n<meta property=\"article:modified_time\" content=\"2020-07-22T13:01:55+00:00\" \/>\n<meta property=\"og:image\" content=\"https:\/\/fcpcerea.it\/wp-content\/uploads\/2019\/10\/FCP-low-6743.jpg\" \/>\n\t<meta property=\"og:image:width\" content=\"2000\" \/>\n\t<meta property=\"og:image:height\" content=\"1333\" \/>\n<meta name=\"twitter:card\" content=\"summary_large_image\" \/>\n<script type=\"application\/ld+json\" class=\"yoast-schema-graph\">{\"@context\":\"https:\/\/schema.org\",\"@graph\":[{\"@type\":\"WebSite\",\"@id\":\"https:\/\/fcpcerea.it\/es\/#website\",\"url\":\"https:\/\/fcpcerea.it\/es\/\",\"name\":\"FCP Cerea\",\"description\":\"Coltivare bene per mangiare meglio\",\"potentialAction\":[{\"@type\":\"SearchAction\",\"target\":{\"@type\":\"EntryPoint\",\"urlTemplate\":\"https:\/\/fcpcerea.it\/es\/?s={search_term_string}\"},\"query-input\":\"required name=search_term_string\"}],\"inLanguage\":\"es\"},{\"@type\":\"ImageObject\",\"@id\":\"https:\/\/fcpcerea.it\/es\/#primaryimage\",\"inLanguage\":\"es\",\"url\":\"https:\/\/fcpcerea.it\/wp-content\/uploads\/2019\/10\/FCP-low-6743.jpg\",\"contentUrl\":\"https:\/\/fcpcerea.it\/wp-content\/uploads\/2019\/10\/FCP-low-6743.jpg\",\"width\":2000,\"height\":1333},{\"@type\":\"WebPage\",\"@id\":\"https:\/\/fcpcerea.it\/es\/#webpage\",\"url\":\"https:\/\/fcpcerea.it\/es\/\",\"name\":\"FCP Cerea | Coltivare bene per mangiare meglio\",\"isPartOf\":{\"@id\":\"https:\/\/fcpcerea.it\/es\/#website\"},\"datePublished\":\"2019-08-06T10:30:08+00:00\",\"dateModified\":\"2020-07-22T13:01:55+00:00\",\"description\":\"FCP Cerea produce fertilizzanti Verona (concimi complessi granulari NPK-NP-PK minerali e organo-minerali)\",\"breadcrumb\":{\"@id\":\"https:\/\/fcpcerea.it\/es\/#breadcrumb\"},\"inLanguage\":\"es\",\"potentialAction\":[{\"@type\":\"ReadAction\",\"target\":[\"https:\/\/fcpcerea.it\/es\/\"]}]},{\"@type\":\"BreadcrumbList\",\"@id\":\"https:\/\/fcpcerea.it\/es\/#breadcrumb\",\"itemListElement\":[{\"@type\":\"ListItem\",\"position\":1,\"name\":\"Home\",\"item\":\"https:\/\/fcpcerea.it\/es\/\"},{\"@type\":\"ListItem\",\"position\":2,\"name\":\"Home\"}]}]}<\/script>\n<!-- \/ Yoast SEO plugin. -->","yoast_head_json":{"title":"FCP Cerea | Coltivare bene per mangiare meglio","description":"FCP Cerea produce fertilizzanti Verona (concimi complessi granulari NPK-NP-PK minerali e organo-minerali)","robots":{"index":"index","follow":"follow","max-snippet":"max-snippet:-1","max-image-preview":"max-image-preview:large","max-video-preview":"max-video-preview:-1"},"canonical":"https:\/\/fcpcerea.it\/es\/","og_locale":"es_ES","og_type":"article","og_title":"FCP Cerea | Coltivare bene per mangiare meglio","og_description":"FCP Cerea produce fertilizzanti Verona (concimi complessi granulari NPK-NP-PK minerali e organo-minerali)","og_url":"https:\/\/fcpcerea.it\/es\/","og_site_name":"FCP Cerea","article_modified_time":"2020-07-22T13:01:55+00:00","og_image":[{"width":2000,"height":1333,"url":"https:\/\/fcpcerea.it\/wp-content\/uploads\/2019\/10\/FCP-low-6743.jpg","type":"image\/jpeg"}],"twitter_card":"summary_large_image","schema":{"@context":"https:\/\/schema.org","@graph":[{"@type":"WebSite","@id":"https:\/\/fcpcerea.it\/es\/#website","url":"https:\/\/fcpcerea.it\/es\/","name":"FCP Cerea","description":"Coltivare bene per mangiare meglio","potentialAction":[{"@type":"SearchAction","target":{"@type":"EntryPoint","urlTemplate":"https:\/\/fcpcerea.it\/es\/?s={search_term_string}"},"query-input":"required name=search_term_string"}],"inLanguage":"es"},{"@type":"ImageObject","@id":"https:\/\/fcpcerea.it\/es\/#primaryimage","inLanguage":"es","url":"https:\/\/fcpcerea.it\/wp-content\/uploads\/2019\/10\/FCP-low-6743.jpg","contentUrl":"https:\/\/fcpcerea.it\/wp-content\/uploads\/2019\/10\/FCP-low-6743.jpg","width":2000,"height":1333},{"@type":"WebPage","@id":"https:\/\/fcpcerea.it\/es\/#webpage","url":"https:\/\/fcpcerea.it\/es\/","name":"FCP Cerea | Coltivare bene per mangiare meglio","isPartOf":{"@id":"https:\/\/fcpcerea.it\/es\/#website"},"datePublished":"2019-08-06T10:30:08+00:00","dateModified":"2020-07-22T13:01:55+00:00","description":"FCP Cerea produce fertilizzanti Verona (concimi complessi granulari NPK-NP-PK minerali e organo-minerali)","breadcrumb":{"@id":"https:\/\/fcpcerea.it\/es\/#breadcrumb"},"inLanguage":"es","potentialAction":[{"@type":"ReadAction","target":["https:\/\/fcpcerea.it\/es\/"]}]},{"@type":"BreadcrumbList","@id":"https:\/\/fcpcerea.it\/es\/#breadcrumb","itemListElement":[{"@type":"ListItem","position":1,"name":"Home","item":"https:\/\/fcpcerea.it\/es\/"},{"@type":"ListItem","position":2,"name":"Home"}]}]}},"_links":{"self":[{"href":"https:\/\/fcpcerea.it\/es\/wp-json\/wp\/v2\/pages\/7271"}],"collection":[{"href":"https:\/\/fcpcerea.it\/es\/wp-json\/wp\/v2\/pages"}],"about":[{"href":"https:\/\/fcpcerea.it\/es\/wp-json\/wp\/v2\/types\/page"}],"author":[{"embeddable":true,"href":"https:\/\/fcpcerea.it\/es\/wp-json\/wp\/v2\/users\/2"}],"replies":[{"embeddable":true,"href":"https:\/\/fcpcerea.it\/es\/wp-json\/wp\/v2\/comments?post=7271"}],"version-history":[{"count":1,"href":"https:\/\/fcpcerea.it\/es\/wp-json\/wp\/v2\/pages\/7271\/revisions"}],"predecessor-version":[{"id":7272,"href":"https:\/\/fcpcerea.it\/es\/wp-json\/wp\/v2\/pages\/7271\/revisions\/7272"}],"wp:attachment":[{"href":"https:\/\/fcpcerea.it\/es\/wp-json\/wp\/v2\/media?parent=7271"}],"curies":[{"name":"wp","href":"https:\/\/api.w.org\/{rel}","templated":true}]}}