{"id":7685,"date":"2020-09-11T15:17:40","date_gmt":"2020-09-11T13:17:40","guid":{"rendered":"https:\/\/fcpcerea.it\/?page_id=7685"},"modified":"2021-04-16T10:58:56","modified_gmt":"2021-04-16T08:58:56","slug":"certificaciones","status":"publish","type":"page","link":"https:\/\/fcpcerea.it\/es\/certificaciones\/","title":{"rendered":"Certificaciones"},"content":{"rendered":"<div id=\"wppb-builder-container\" class=\"wppb-builder-container\">                <div  class=\"wppb-row-parent  wppb-row-1599830314770 \"  >\n\t\t\t\t\t\n\t\t\t\t\t\t\t\t\t\t\n\t\t\t\t\t\t\t\t\t\t\n\t\t\t\t\t<div class=\"wppb-container \">\n\t\t\t\t\t\t\t\t\t\t\t\t\t\n                        <div class=\"wppb-row\">\n\t\t\t\t\t\t\t                                    <div  class=\"wppb-column-parent wppb-column-parent-view wppb-col-1599830314771  wppb-wow fadeInLeft\"  data-wow-delay='ms'  data-wow-duration='ms'  >\n                                        <div class=\"wppb-column\">\n\t\t\t\t\t\n\t\t\t\t\t\t\t\t\t\t\t\n                                            <div class=\"wppb-builder-addons\">\n\t\t\t\t\t\t\t\t\t\t\t\t<div class='wppb-builder-addon wppb-addon-1599830314772'  data-addon-id='1599830314772'><div class='wppb-addon'><div class=\"wppb-accordion-addon\"><div class=\"wppb-accordion-addon-content\"><div class=\"wppb-accordion-items\"><div class=\"wppb-accordion-item repeater-0\"><div class=\"wppb-accordion-title wppb-toggle-right active\"><span class=\"wppb-accordion-title-content\">Marca de calidad Assofertilizanti<\/span><span class=\"wppb-toggle-direction wppb-toggle-right\"><i class=\"fas fa-angle-right\"><\/i><\/span><\/div><div class=\"wppb-panel-collapse\" style=\"\"><div class=\"wppb-accordion-content\"><p><img class=\"wp-image-546 size-medium alignright\" src=\"http:\/\/fcpcerea.it\/wp-content\/uploads\/2019\/09\/Assofertilizzanti-Colori-1-300x193.png\" alt=\"\" width=\"300\" height=\"193\" \/><\/p><p><!--td {border: 1px solid #ccc;}br {mso-data-placement:same-cell;}--><\/p><p><span data-sheets-value=\"{\" data-sheets-userformat=\"{\">La Marca de Calidad es una \"marca colectiva\" que permite individuar las empresas <\/span><\/p><p><!--td {border: 1px solid #ccc;}br {mso-data-placement:same-cell;}--><\/p><p>que se han involucarado en la mejora de la calidad en la producci\u00f3n de los fertilizantes y en la gesti\u00f3n del sistema empresarial. Es otorgado por Assofertilizanti bas\u00e1ndose en los controles realizados por ICQRF, Inspector central de la tutela de la calidad y de la lucha contra el fraude<\/p><p><!--td {border: 1px solid #ccc;}br {mso-data-placement:same-cell;}--><\/p><p>de productos argoalimentarios del MIPAFF - Ministerio de las Pol\u00edticas Agr\u00edcolas, Alimentarias y Forestales. Cerea FCP ha conseguido esta marca en todos los fertilizantes que se producen en sus instalaciones.<\/p><\/div><\/div><\/div><div class=\"wppb-accordion-item repeater-1\"><div class=\"wppb-accordion-title wppb-toggle-right \"><span class=\"wppb-accordion-title-content\">UNI ISO 45001<\/span><span class=\"wppb-toggle-direction wppb-toggle-right\"><i class=\"fas fa-angle-right\"><\/i><\/span><\/div><div class=\"wppb-panel-collapse\" style=\"display: none;\"><div class=\"wppb-accordion-content\"><p>\u00a0<img class=\"wp-image-7055 size-medium alignright\" src=\"https:\/\/fcpcerea.it\/wp-content\/uploads\/2020\/02\/CQY_45.18_IT_RGB-300x300.png\" alt=\"\" width=\"300\" height=\"300\" \/><span data-sheets-value=\"{\" data-sheets-userformat=\"{\" data-sheets-textstyleruns=\"{\">Cerea FCPha obtenido la certificaci\u00f3n UNI ISO 45001 en m\u00e9rito al sistema de gesti\u00f3n de la salud y de la seguridad en el ambiente de trabajo. \u00c9ste es el primer paso para el logro de un Sistema de Gesti\u00f3n Integrado de Calidad, Seguridad y Ambiente.<\/span><\/p><\/div><\/div><\/div><div class=\"wppb-accordion-item repeater-2\"><div class=\"wppb-accordion-title wppb-toggle-right \"><span class=\"wppb-accordion-title-content\">Cuidado responsable<\/span><span class=\"wppb-toggle-direction wppb-toggle-right\"><i class=\"fas fa-angle-right\"><\/i><\/span><\/div><div class=\"wppb-panel-collapse\" style=\"display: none;\"><div class=\"wppb-accordion-content\"><p><img class=\"alignright wp-image-554 size-medium\" src=\"http:\/\/fcpcerea.it\/wp-content\/uploads\/2019\/09\/Responsible-Care-Colori-300x193.png\" alt=\"\" width=\"300\" height=\"193\" \/><span data-sheets-value=\"{\" data-sheets-userformat=\"{\" data-sheets-textstyleruns=\"{\">Responsible Care es un programa voluntario de la industria qu\u00edmica mundial basado en las principales actuaciones y comportamientos de la Seguridad y Salud de los Trabajadores y la Protecci\u00f3n Ambiental y el empe\u00f1o de comunicar los resultados obtenidos, hacia una mejora continua, significativa y tangible. Actualmente el programa \"Responsible Care\" ha sido adoptado por m\u00e1s de 10.000 empresas qu\u00edmicas en m\u00e1s de 50 pa\u00edses del mundo.<\/span><\/p><\/div><\/div><\/div><\/div><\/div><\/div><\/div><\/div>                                            <\/div>\n                                        <\/div>\n                                    <\/div>\n\t\t\t\t\t\t\t\t\t                        <\/div>\n\n                    <\/div>\n                <\/div>\n\t\t\t\t                <div  class=\"wppb-row-parent  wppb-row-1599830745529 \"  >\n\t\t\t\t\t\n\t\t\t\t\t\t\t\t\t\t\n\t\t\t\t\t\t\t\t\t\t\n\t\t\t\t\t<div class=\"wppb-container \">\n\t\t\t\t\t\t\t\t\t\t\t\t\t\n                        <div class=\"wppb-row\">\n\t\t\t\t\t\t\t                                    <div  class=\"wppb-column-parent wppb-column-parent-view wppb-col-1599830745530  wppb-wow fadeInRight\"  data-wow-delay='ms'  data-wow-duration='ms'  >\n                                        <div class=\"wppb-column\">\n\t\t\t\t\t\n\t\t\t\t\t\t\t\t\t\t\t\n                                            <div class=\"wppb-builder-addons\">\n\t\t\t\t\t\t\t\t\t\t\t\t<div class='wppb-builder-addon wppb-addon-1599830745531'  data-addon-id='1599830745531'><div class='wppb-addon'><div class=\"wppb-headline-addon\"><div class=\"wppb-headline-content\"><h4 class=\"wppb-addon-title\">Calidad, Ambiente e Innovaci\u00f3n.<\/h4><\/div><\/div><\/div><\/div><div class='wppb-builder-addon wppb-addon-1599830745532'  data-addon-id='1599830745532'><div class='wppb-addon'><div class=\"wppb-text-block-addon\"><div class=\"wppb-text-block-content 0\"><p class=\"p1\"><span data-sheets-value=\"{\" data-sheets-userformat=\"{\" data-sheets-textstyleruns=\"{\">Desde el 2013 organizamos un Open Day demostrativo en campo al interior de la propia sede en Bonavicina (VR) para presentar a los socios, clientes y operadores agr\u00edcolas las actividades de investigaci\u00f3n y experimentaci\u00f3n que a\u00f1o tras a\u00f1o la empresa desarrolla.<\/span><\/p><\/div><\/div><\/div><\/div>                                            <\/div>\n                                        <\/div>\n                                    <\/div>\n\t\t\t\t\t\t\t\t\t                        <\/div>\n\n                    <\/div>\n                <\/div>\n\t\t\t\t<\/div>","protected":false},"excerpt":{"rendered":"<p>Marca de calidad AssofertilizantiLa Marca de Calidad es una \u00abmarca colectiva\u00bb que permite individuar las empresas que se han involucarado en la mejora de la calidad en la producci\u00f3n de los fertilizantes y en la gesti\u00f3n del sistema empresarial. Es otorgado por Assofertilizanti bas\u00e1ndose en los controles realizados por ICQRF, Inspector central de la tutela<\/p>\n<div class=\"btn-green\"><a href=\"https:\/\/fcpcerea.it\/es\/certificaciones\/\">Continue Reading<\/a><\/div>\n","protected":false},"author":1,"featured_media":0,"parent":0,"menu_order":0,"comment_status":"closed","ping_status":"closed","template":"","meta":[],"yoast_head":"<!-- This site is optimized with the Yoast SEO plugin v17.6 - https:\/\/yoast.com\/wordpress\/plugins\/seo\/ -->\n<title>Certificaciones - FCP Cerea<\/title>\n<meta name=\"robots\" content=\"index, follow, max-snippet:-1, max-image-preview:large, max-video-preview:-1\" \/>\n<link rel=\"canonical\" href=\"https:\/\/fcpcerea.it\/es\/certificaciones\/\" \/>\n<meta property=\"og:locale\" content=\"es_ES\" \/>\n<meta property=\"og:type\" content=\"article\" \/>\n<meta property=\"og:title\" content=\"Certificaciones - FCP Cerea\" \/>\n<meta property=\"og:description\" content=\"Marca de calidad AssofertilizantiLa Marca de Calidad es una &quot;marca colectiva&quot; que permite individuar las empresas que se han involucarado en la mejora de la calidad en la producci\u00f3n de los fertilizantes y en la gesti\u00f3n del sistema empresarial. Es otorgado por Assofertilizanti bas\u00e1ndose en los controles realizados por ICQRF, Inspector central de la tutelaContinue Reading\" \/>\n<meta property=\"og:url\" content=\"https:\/\/fcpcerea.it\/es\/certificaciones\/\" \/>\n<meta property=\"og:site_name\" content=\"FCP Cerea\" \/>\n<meta property=\"article:modified_time\" content=\"2021-04-16T08:58:56+00:00\" \/>\n<meta name=\"twitter:card\" content=\"summary_large_image\" \/>\n<script type=\"application\/ld+json\" class=\"yoast-schema-graph\">{\"@context\":\"https:\/\/schema.org\",\"@graph\":[{\"@type\":\"WebSite\",\"@id\":\"https:\/\/fcpcerea.it\/es\/#website\",\"url\":\"https:\/\/fcpcerea.it\/es\/\",\"name\":\"FCP Cerea\",\"description\":\"Coltivare bene per mangiare meglio\",\"potentialAction\":[{\"@type\":\"SearchAction\",\"target\":{\"@type\":\"EntryPoint\",\"urlTemplate\":\"https:\/\/fcpcerea.it\/es\/?s={search_term_string}\"},\"query-input\":\"required name=search_term_string\"}],\"inLanguage\":\"es\"},{\"@type\":\"WebPage\",\"@id\":\"https:\/\/fcpcerea.it\/es\/certificaciones\/#webpage\",\"url\":\"https:\/\/fcpcerea.it\/es\/certificaciones\/\",\"name\":\"Certificaciones - FCP Cerea\",\"isPartOf\":{\"@id\":\"https:\/\/fcpcerea.it\/es\/#website\"},\"datePublished\":\"2020-09-11T13:17:40+00:00\",\"dateModified\":\"2021-04-16T08:58:56+00:00\",\"breadcrumb\":{\"@id\":\"https:\/\/fcpcerea.it\/es\/certificaciones\/#breadcrumb\"},\"inLanguage\":\"es\",\"potentialAction\":[{\"@type\":\"ReadAction\",\"target\":[\"https:\/\/fcpcerea.it\/es\/certificaciones\/\"]}]},{\"@type\":\"BreadcrumbList\",\"@id\":\"https:\/\/fcpcerea.it\/es\/certificaciones\/#breadcrumb\",\"itemListElement\":[{\"@type\":\"ListItem\",\"position\":1,\"name\":\"Home\",\"item\":\"https:\/\/fcpcerea.it\/es\/\"},{\"@type\":\"ListItem\",\"position\":2,\"name\":\"Certificaciones\"}]}]}<\/script>\n<!-- \/ Yoast SEO plugin. -->","yoast_head_json":{"title":"Certificaciones - FCP Cerea","robots":{"index":"index","follow":"follow","max-snippet":"max-snippet:-1","max-image-preview":"max-image-preview:large","max-video-preview":"max-video-preview:-1"},"canonical":"https:\/\/fcpcerea.it\/es\/certificaciones\/","og_locale":"es_ES","og_type":"article","og_title":"Certificaciones - FCP Cerea","og_description":"Marca de calidad AssofertilizantiLa Marca de Calidad es una \"marca colectiva\" que permite individuar las empresas que se han involucarado en la mejora de la calidad en la producci\u00f3n de los fertilizantes y en la gesti\u00f3n del sistema empresarial. Es otorgado por Assofertilizanti bas\u00e1ndose en los controles realizados por ICQRF, Inspector central de la tutelaContinue Reading","og_url":"https:\/\/fcpcerea.it\/es\/certificaciones\/","og_site_name":"FCP Cerea","article_modified_time":"2021-04-16T08:58:56+00:00","twitter_card":"summary_large_image","schema":{"@context":"https:\/\/schema.org","@graph":[{"@type":"WebSite","@id":"https:\/\/fcpcerea.it\/es\/#website","url":"https:\/\/fcpcerea.it\/es\/","name":"FCP Cerea","description":"Coltivare bene per mangiare meglio","potentialAction":[{"@type":"SearchAction","target":{"@type":"EntryPoint","urlTemplate":"https:\/\/fcpcerea.it\/es\/?s={search_term_string}"},"query-input":"required name=search_term_string"}],"inLanguage":"es"},{"@type":"WebPage","@id":"https:\/\/fcpcerea.it\/es\/certificaciones\/#webpage","url":"https:\/\/fcpcerea.it\/es\/certificaciones\/","name":"Certificaciones - FCP Cerea","isPartOf":{"@id":"https:\/\/fcpcerea.it\/es\/#website"},"datePublished":"2020-09-11T13:17:40+00:00","dateModified":"2021-04-16T08:58:56+00:00","breadcrumb":{"@id":"https:\/\/fcpcerea.it\/es\/certificaciones\/#breadcrumb"},"inLanguage":"es","potentialAction":[{"@type":"ReadAction","target":["https:\/\/fcpcerea.it\/es\/certificaciones\/"]}]},{"@type":"BreadcrumbList","@id":"https:\/\/fcpcerea.it\/es\/certificaciones\/#breadcrumb","itemListElement":[{"@type":"ListItem","position":1,"name":"Home","item":"https:\/\/fcpcerea.it\/es\/"},{"@type":"ListItem","position":2,"name":"Certificaciones"}]}]}},"_links":{"self":[{"href":"https:\/\/fcpcerea.it\/es\/wp-json\/wp\/v2\/pages\/7685"}],"collection":[{"href":"https:\/\/fcpcerea.it\/es\/wp-json\/wp\/v2\/pages"}],"about":[{"href":"https:\/\/fcpcerea.it\/es\/wp-json\/wp\/v2\/types\/page"}],"author":[{"embeddable":true,"href":"https:\/\/fcpcerea.it\/es\/wp-json\/wp\/v2\/users\/1"}],"replies":[{"embeddable":true,"href":"https:\/\/fcpcerea.it\/es\/wp-json\/wp\/v2\/comments?post=7685"}],"version-history":[{"count":2,"href":"https:\/\/fcpcerea.it\/es\/wp-json\/wp\/v2\/pages\/7685\/revisions"}],"predecessor-version":[{"id":9552,"href":"https:\/\/fcpcerea.it\/es\/wp-json\/wp\/v2\/pages\/7685\/revisions\/9552"}],"wp:attachment":[{"href":"https:\/\/fcpcerea.it\/es\/wp-json\/wp\/v2\/media?parent=7685"}],"curies":[{"name":"wp","href":"https:\/\/api.w.org\/{rel}","templated":true}]}}