{"id":8430,"date":"2020-12-22T10:58:52","date_gmt":"2020-12-22T09:58:52","guid":{"rendered":"https:\/\/fcpcerea.it\/?page_id=8430"},"modified":"2020-12-22T11:06:49","modified_gmt":"2020-12-22T10:06:49","slug":"news","status":"publish","type":"page","link":"https:\/\/fcpcerea.it\/es\/news\/","title":{"rendered":"News"},"content":{"rendered":"<div id=\"wppb-builder-container\" class=\"wppb-builder-container\">                <div  class=\"wppb-row-parent  wppb-row-1608647054667 \"  >\n\t\t\t\t\t\n\t\t\t\t\t\t\t\t\t\t\n\t\t\t\t\t\t\t\t\t\t\n\t\t\t\t\t<div class=\"wppb-container \">\n\t\t\t\t\t\t\t\t\t\t\t\t\t\n                        <div class=\"wppb-row\">\n\t\t\t\t\t\t\t                                    <div  class=\"wppb-column-parent wppb-column-parent-view wppb-col-1608647054668  \"  >\n                                        <div class=\"wppb-column\">\n\t\t\t\t\t\n\t\t\t\t\t\t\t\t\t\t\t\n                                            <div class=\"wppb-builder-addons\">\n\t\t\t\t\t\t\t\t\t\t\t\t<div class='wppb-builder-addon wppb-addon-1608647054669'  data-addon-id='1608647054669'><div class='wppb-addon'>\t\r\n            <div class=\"wppb-posts-addon\">\r\n                <div class=\"wppb-posts-addon-content\">\r\n\t\t\t\t\t<div class=\"wppb-addons-col\">\r\n\t\t\t\t\t\t\t\t\t\t\t\t\t<div class=\"wppb-addons-col-md3 wppb-addons-col-sm2 wppb-addons-col-xs1\">\r\n\t\t\t\t\t\t\t\t\r\n\t\t\t\t\t\t\t\t<div class=\"wppb-post-grid-wrap wppb-post-grid-one\"><div class=\"wppb-post-grid-img\"><a href='https:\/\/fcpcerea.it\/es\/el-fosforo-disponibilidad-y-absorcion\/'><img src='https:\/\/fcpcerea.it\/wp-content\/uploads\/2022\/01\/gennaio-2022-600x450.jpg' alt='El f\u00f3sforo: disponibilidad y absorci\u00f3n'\/><\/a><\/div><div class=\"wppb-post-grid-content\"><h3 class='wppb-post-grid-title'><a href='https:\/\/fcpcerea.it\/es\/el-fosforo-disponibilidad-y-absorcion\/'>El f\u00f3sforo: disponibilidad y absorci\u00f3n<\/a><\/h3><div class='wppb-post-grid-meta'>28 enero 2022 <\/div><div class='wppb-post-grid-intro'>El f\u00f3sforo es un elemento esencial\u00a0para la planta y su carencia puede provocar graves consecuencias en su crecimiento y productividad.\u00a0 Adem\u00e1s, el f\u00f3sforo se caracteriza por una escasa mobilidad en<\/div><\/div><\/div>\t\t\t\t\t\t\t<\/div> <!--\/.wppb-addons-col-->\r\n\t\t\t\t\t\t\t\t\t\t\t\t\t\t<div class=\"wppb-addons-col-md3 wppb-addons-col-sm2 wppb-addons-col-xs1\">\r\n\t\t\t\t\t\t\t\t\r\n\t\t\t\t\t\t\t\t<div class=\"wppb-post-grid-wrap wppb-post-grid-one\"><div class=\"wppb-post-grid-img\"><a href='https:\/\/fcpcerea.it\/es\/biofortificacion-agronomica-mejora-fruta-verdura\/'><img src='https:\/\/fcpcerea.it\/wp-content\/uploads\/2021\/12\/Articolo-biofortificazione-agronomica-dicembre-2021-600x450.png' alt='Mejora nutricional de la fruta y la verdura: la biofortificaci\u00f3n agron\u00f3mica'\/><\/a><\/div><div class=\"wppb-post-grid-content\"><h3 class='wppb-post-grid-title'><a href='https:\/\/fcpcerea.it\/es\/biofortificacion-agronomica-mejora-fruta-verdura\/'>Mejora nutricional de la fruta y la verdura: la biofortificaci\u00f3n agron\u00f3mica<\/a><\/h3><div class='wppb-post-grid-meta'>16 diciembre 2021 <\/div><div class='wppb-post-grid-intro'>Una dieta desordenada y la adquisici\u00e0on de alimentos de baja calidad, con\u00a0 un nivel nutricional escaso, han llevado, en los \u00faltimos a\u00f1os, a problemas de malnutrici\u00f3n. Esta dieta caracterizada de<\/div><\/div><\/div>\t\t\t\t\t\t\t<\/div> <!--\/.wppb-addons-col-->\r\n\t\t\t\t\t\t\t\t\t\t\t\t\t\t<div class=\"wppb-addons-col-md3 wppb-addons-col-sm2 wppb-addons-col-xs1\">\r\n\t\t\t\t\t\t\t\t\r\n\t\t\t\t\t\t\t\t<div class=\"wppb-post-grid-wrap wppb-post-grid-one\"><div class=\"wppb-post-grid-img\"><a href='https:\/\/fcpcerea.it\/es\/efficienza-dei-fertilizzanti-concimazione-a-richiesta-delle-colture\/'><img src='https:\/\/fcpcerea.it\/wp-content\/uploads\/2021\/11\/novembre-2021-600x450.jpg' alt='Eficiencia de los fertilizantes: abonado seg\u00fan  las exigencias de los cultivos'\/><\/a><\/div><div class=\"wppb-post-grid-content\"><h3 class='wppb-post-grid-title'><a href='https:\/\/fcpcerea.it\/es\/efficienza-dei-fertilizzanti-concimazione-a-richiesta-delle-colture\/'>Eficiencia de los fertilizantes: abonado seg\u00fan  las exigencias de los cultivos<\/a><\/h3><div class='wppb-post-grid-meta'>25 noviembre 2021 <\/div><div class='wppb-post-grid-intro'>Los factores fundamentantes que hay que considerar para obtener rendimientos productivos de alta calidad son:\u00a0las caracter\u00edsticas f\u00edsico-qu\u00edmicas del terreno\u00a0las necesidades nutritivas de los diversos cultivos\u00a0\u00a0el tiempo y el momento de<\/div><\/div><\/div>\t\t\t\t\t\t\t<\/div> <!--\/.wppb-addons-col-->\r\n\t\t\t\t\t\t\t\t\t\t\t\t\t\t<div class=\"wppb-addons-col-md3 wppb-addons-col-sm2 wppb-addons-col-xs1\">\r\n\t\t\t\t\t\t\t\t\r\n\t\t\t\t\t\t\t\t<div class=\"wppb-post-grid-wrap wppb-post-grid-one\"><div class=\"wppb-post-grid-content\"><h3 class='wppb-post-grid-title'><a href='https:\/\/fcpcerea.it\/es\/fertilizante-nano-t-nanotecnologia-en-agricultura\/'>Nano.T: la nanotecnolog\u00eda al servicio de la agricultura<\/a><\/h3><div class='wppb-post-grid-meta'>21 octubre 2021 <\/div><div class='wppb-post-grid-intro'>La nanotecnolog\u00eda representa la \u00faltima forntera en el\u00a0 ambito de la innovaci\u00f3n tecnol\u00f3gica, empleada en distintos sectores de producci\u00f3n: pinturas, microprocesadores, iluminaci\u00f3n, cosm\u00e9tica, medicina, bacterias, etc. En los Estados Unidos,<\/div><\/div><\/div>\t\t\t\t\t\t\t<\/div> <!--\/.wppb-addons-col-->\r\n\t\t\t\t\t\t\t\t\t\t\t\t\t\t<div class=\"wppb-addons-col-md3 wppb-addons-col-sm2 wppb-addons-col-xs1\">\r\n\t\t\t\t\t\t\t\t\r\n\t\t\t\t\t\t\t\t<div class=\"wppb-post-grid-wrap wppb-post-grid-one\"><div class=\"wppb-post-grid-img\"><a href='https:\/\/fcpcerea.it\/es\/la-horticultura-un-mercado-al-que-satisfacer\/'><img src='https:\/\/fcpcerea.it\/wp-content\/uploads\/2021\/03\/2-harvest-of-fresh-vegetable-in-baskets-presented-outdoor-on-market-for-sale.jpg' alt='La horticultura: un mercado al que satisfacer'\/><\/a><\/div><div class=\"wppb-post-grid-content\"><h3 class='wppb-post-grid-title'><a href='https:\/\/fcpcerea.it\/es\/la-horticultura-un-mercado-al-que-satisfacer\/'>La horticultura: un mercado al que satisfacer<\/a><\/h3><div class='wppb-post-grid-meta'>19 marzo 2021 <\/div><div class='wppb-post-grid-intro'>Un mercado siempre m\u00e1s exigente y la necesidad de producir alimentos de calidad, hace que los agricultores tengan la necesidad de requerir medios t\u00e9cnicos eficaces y en grado de responder<\/div><\/div><\/div>\t\t\t\t\t\t\t<\/div> <!--\/.wppb-addons-col-->\r\n\t\t\t\t\t\t\t\t\t\t\t\t\t\t<div class=\"wppb-addons-col-md3 wppb-addons-col-sm2 wppb-addons-col-xs1\">\r\n\t\t\t\t\t\t\t\t\r\n\t\t\t\t\t\t\t\t<div class=\"wppb-post-grid-wrap wppb-post-grid-one\"><div class=\"wppb-post-grid-img\"><a href='https:\/\/fcpcerea.it\/es\/agricoltura-biologica-nuove-sfide-per-il-futuro\/'><img src='https:\/\/fcpcerea.it\/wp-content\/uploads\/2021\/01\/BIO-600x450.jpg' alt='Agricultura ecol\u00f3gica: nuevos desaf\u00edos para el futuro'\/><\/a><\/div><div class=\"wppb-post-grid-content\"><h3 class='wppb-post-grid-title'><a href='https:\/\/fcpcerea.it\/es\/agricoltura-biologica-nuove-sfide-per-il-futuro\/'>Agricultura ecol\u00f3gica: nuevos desaf\u00edos para el futuro<\/a><\/h3><div class='wppb-post-grid-meta'>14 enero 2021 <\/div><div class='wppb-post-grid-intro'>La estrategia europea \u201cFarm to Fork\u201d tiene como objetivo reducir al 50% el empleo de agrof\u00e1rmacos, disminuir al 20% la utilizaci\u00f3n de fertilizantes qu\u00edmicos y, al mismo tiempo, aumentar la<\/div><\/div><\/div>\t\t\t\t\t\t\t<\/div> <!--\/.wppb-addons-col-->\r\n\t\t\t\t\t\t\t\t\t\t\t\t<\/div><!--\/.wppb-posts-addon-content-->\r\n\r\n\t\t\t\t\t<div class='wppb-posts-addon-pagination'><span class='wppb-posts-paginate-link wppb-posts-paginate-link-disable'><i class='fas fa-angle-left'><\/i><\/span><a href='#' class='wppb-posts-paginate-link paginate-active' data-paged='1'>1<\/a><a href='#' class='wppb-posts-paginate-link ' data-paged='2'>2<\/a><a href='#' class='wppb-posts-paginate-link' data-paged='2'><i class='fas fa-angle-right'><\/i><\/a><\/div>            <\/div><!--\/.wppb-posts-addon-->\r\n        <\/div><!--\/.wppb-posts-addon-->\r\n\t\t\t<\/div><\/div>                                            <\/div>\n                                        <\/div>\n                                    <\/div>\n\t\t\t\t\t\t\t\t\t                        <\/div>\n\n                    <\/div>\n                <\/div>\n\t\t\t\t<\/div>","protected":false},"excerpt":{"rendered":"<p>La estrategia europea \u201cFarm to Fork\u201d tiene como objetivo reducir al 50% el empleo de agrof\u00e1rmacos, disminuir al 20% la utilizaci\u00f3n de fertilizantes qu\u00edmicos y, al mismo tiempo, aumentar la<\/p>\n","protected":false},"author":1,"featured_media":0,"parent":0,"menu_order":0,"comment_status":"closed","ping_status":"closed","template":"","meta":[],"yoast_head":"<!-- This site is optimized with the Yoast SEO plugin v17.6 - https:\/\/yoast.com\/wordpress\/plugins\/seo\/ -->\n<title>News - FCP Cerea<\/title>\n<meta name=\"robots\" content=\"index, follow, max-snippet:-1, max-image-preview:large, max-video-preview:-1\" \/>\n<link rel=\"canonical\" href=\"https:\/\/fcpcerea.it\/es\/news\/\" \/>\n<meta property=\"og:locale\" content=\"es_ES\" \/>\n<meta property=\"og:type\" content=\"article\" \/>\n<meta property=\"og:title\" content=\"News - FCP Cerea\" \/>\n<meta property=\"og:description\" content=\"La estrategia europea \u201cFarm to Fork\u201d tiene como objetivo reducir al 50% el empleo de agrof\u00e1rmacos, disminuir al 20% la utilizaci\u00f3n de fertilizantes qu\u00edmicos y, al mismo tiempo, aumentar la\" \/>\n<meta property=\"og:url\" content=\"https:\/\/fcpcerea.it\/es\/news\/\" \/>\n<meta property=\"og:site_name\" content=\"FCP Cerea\" \/>\n<meta property=\"article:modified_time\" content=\"2020-12-22T10:06:49+00:00\" \/>\n<meta name=\"twitter:card\" content=\"summary_large_image\" \/>\n<script type=\"application\/ld+json\" class=\"yoast-schema-graph\">{\"@context\":\"https:\/\/schema.org\",\"@graph\":[{\"@type\":\"WebSite\",\"@id\":\"https:\/\/fcpcerea.it\/es\/#website\",\"url\":\"https:\/\/fcpcerea.it\/es\/\",\"name\":\"FCP Cerea\",\"description\":\"Coltivare bene per mangiare meglio\",\"potentialAction\":[{\"@type\":\"SearchAction\",\"target\":{\"@type\":\"EntryPoint\",\"urlTemplate\":\"https:\/\/fcpcerea.it\/es\/?s={search_term_string}\"},\"query-input\":\"required name=search_term_string\"}],\"inLanguage\":\"es\"},{\"@type\":\"WebPage\",\"@id\":\"https:\/\/fcpcerea.it\/es\/news\/#webpage\",\"url\":\"https:\/\/fcpcerea.it\/es\/news\/\",\"name\":\"News - FCP Cerea\",\"isPartOf\":{\"@id\":\"https:\/\/fcpcerea.it\/es\/#website\"},\"datePublished\":\"2020-12-22T09:58:52+00:00\",\"dateModified\":\"2020-12-22T10:06:49+00:00\",\"breadcrumb\":{\"@id\":\"https:\/\/fcpcerea.it\/es\/news\/#breadcrumb\"},\"inLanguage\":\"es\",\"potentialAction\":[{\"@type\":\"ReadAction\",\"target\":[\"https:\/\/fcpcerea.it\/es\/news\/\"]}]},{\"@type\":\"BreadcrumbList\",\"@id\":\"https:\/\/fcpcerea.it\/es\/news\/#breadcrumb\",\"itemListElement\":[{\"@type\":\"ListItem\",\"position\":1,\"name\":\"Home\",\"item\":\"https:\/\/fcpcerea.it\/es\/\"},{\"@type\":\"ListItem\",\"position\":2,\"name\":\"News\"}]}]}<\/script>\n<!-- \/ Yoast SEO plugin. -->","yoast_head_json":{"title":"News - FCP Cerea","robots":{"index":"index","follow":"follow","max-snippet":"max-snippet:-1","max-image-preview":"max-image-preview:large","max-video-preview":"max-video-preview:-1"},"canonical":"https:\/\/fcpcerea.it\/es\/news\/","og_locale":"es_ES","og_type":"article","og_title":"News - FCP Cerea","og_description":"La estrategia europea \u201cFarm to Fork\u201d tiene como objetivo reducir al 50% el empleo de agrof\u00e1rmacos, disminuir al 20% la utilizaci\u00f3n de fertilizantes qu\u00edmicos y, al mismo tiempo, aumentar la","og_url":"https:\/\/fcpcerea.it\/es\/news\/","og_site_name":"FCP Cerea","article_modified_time":"2020-12-22T10:06:49+00:00","twitter_card":"summary_large_image","schema":{"@context":"https:\/\/schema.org","@graph":[{"@type":"WebSite","@id":"https:\/\/fcpcerea.it\/es\/#website","url":"https:\/\/fcpcerea.it\/es\/","name":"FCP Cerea","description":"Coltivare bene per mangiare meglio","potentialAction":[{"@type":"SearchAction","target":{"@type":"EntryPoint","urlTemplate":"https:\/\/fcpcerea.it\/es\/?s={search_term_string}"},"query-input":"required name=search_term_string"}],"inLanguage":"es"},{"@type":"WebPage","@id":"https:\/\/fcpcerea.it\/es\/news\/#webpage","url":"https:\/\/fcpcerea.it\/es\/news\/","name":"News - FCP Cerea","isPartOf":{"@id":"https:\/\/fcpcerea.it\/es\/#website"},"datePublished":"2020-12-22T09:58:52+00:00","dateModified":"2020-12-22T10:06:49+00:00","breadcrumb":{"@id":"https:\/\/fcpcerea.it\/es\/news\/#breadcrumb"},"inLanguage":"es","potentialAction":[{"@type":"ReadAction","target":["https:\/\/fcpcerea.it\/es\/news\/"]}]},{"@type":"BreadcrumbList","@id":"https:\/\/fcpcerea.it\/es\/news\/#breadcrumb","itemListElement":[{"@type":"ListItem","position":1,"name":"Home","item":"https:\/\/fcpcerea.it\/es\/"},{"@type":"ListItem","position":2,"name":"News"}]}]}},"_links":{"self":[{"href":"https:\/\/fcpcerea.it\/es\/wp-json\/wp\/v2\/pages\/8430"}],"collection":[{"href":"https:\/\/fcpcerea.it\/es\/wp-json\/wp\/v2\/pages"}],"about":[{"href":"https:\/\/fcpcerea.it\/es\/wp-json\/wp\/v2\/types\/page"}],"author":[{"embeddable":true,"href":"https:\/\/fcpcerea.it\/es\/wp-json\/wp\/v2\/users\/1"}],"replies":[{"embeddable":true,"href":"https:\/\/fcpcerea.it\/es\/wp-json\/wp\/v2\/comments?post=8430"}],"version-history":[{"count":1,"href":"https:\/\/fcpcerea.it\/es\/wp-json\/wp\/v2\/pages\/8430\/revisions"}],"predecessor-version":[{"id":8431,"href":"https:\/\/fcpcerea.it\/es\/wp-json\/wp\/v2\/pages\/8430\/revisions\/8431"}],"wp:attachment":[{"href":"https:\/\/fcpcerea.it\/es\/wp-json\/wp\/v2\/media?parent=8430"}],"curies":[{"name":"wp","href":"https:\/\/api.w.org\/{rel}","templated":true}]}}